{"id":778,"date":"2025-07-25T12:12:55","date_gmt":"2025-07-25T10:12:55","guid":{"rendered":"https:\/\/becker-sport.pl\/?page_id=778"},"modified":"2026-01-16T14:38:58","modified_gmt":"2026-01-16T13:38:58","slug":"kadra-instruktorska","status":"publish","type":"page","link":"https:\/\/becker-sport.pl\/index.php\/kadra-instruktorska\/","title":{"rendered":"Kadra instruktorska"},"content":{"rendered":"\n<div class=\"wp-block-cover alignfull hoverImageWrapper\" style=\"margin-top:0;margin-bottom:0;min-height:200px;aspect-ratio:unset;\"><img loading=\"lazy\" decoding=\"async\" width=\"1024\" height=\"400\" class=\"wp-block-cover__image-background wp-image-295 size-full\" alt=\"\" src=\"https:\/\/becker-sport.pl\/wp-content\/uploads\/2025\/07\/Sygnet.png\" data-object-fit=\"cover\" srcset=\"https:\/\/becker-sport.pl\/wp-content\/uploads\/2025\/07\/Sygnet.png 1024w, https:\/\/becker-sport.pl\/wp-content\/uploads\/2025\/07\/Sygnet-300x117.png 300w, https:\/\/becker-sport.pl\/wp-content\/uploads\/2025\/07\/Sygnet-768x300.png 768w\" sizes=\"auto, (max-width: 1024px) 100vw, 1024px\" \/><span aria-hidden=\"true\" class=\"wp-block-cover__background has-black-background-color has-background-dim-60 has-background-dim\"><\/span><div class=\"wp-block-cover__inner-container is-layout-constrained wp-block-cover-is-layout-constrained\">\n<h1 class=\"wp-block-heading has-text-align-center has-white-color has-text-color has-link-color wp-elements-c49067e49471fe0d37ec3db489a4dac2\" style=\"font-size:64px\">Kadra instruktorska<\/h1>\n<\/div><\/div>\n\n\n\n<div class=\"wp-block-group is-layout-constrained wp-container-core-group-is-layout-17d01395 wp-block-group-is-layout-constrained\" style=\"margin-top:0;margin-bottom:0;padding-top:70px;padding-right:20px;padding-bottom:30px;padding-left:20px\">\n<div class=\"wp-block-group is-content-justification-space-between is-layout-flex wp-container-core-group-is-layout-37776e96 wp-block-group-is-layout-flex\" style=\"margin-top:0;margin-bottom:0;padding-right:var(--wp--preset--spacing--40);padding-bottom:50px;padding-left:var(--wp--preset--spacing--40)\">\n<h2 class=\"wp-block-heading wp-container-content-432d1f4f\">Opiekunowie i Trenerzy<\/h2>\n\n\n\n<p class=\"wp-container-content-6511ad4a\">Poznaj nasz zesp\u00f3\u0142 do\u015bwiadczonych instruktor\u00f3w, trener\u00f3w i opiekun\u00f3w, kt\u00f3rzy z pasj\u0105 i zaanga\u017cowaniem dziel\u0105 si\u0119 swoj\u0105 wiedz\u0105 oraz mi\u0142o\u015bci\u0105 do koni. Nasza kadra to specjali\u015bci z wieloletnim do\u015bwiadczeniem w pracy z je\u017ad\u017acami na ka\u017cdym poziomie zaawansowania \u2013 od pierwszych krok\u00f3w w siodle, a\u017c po profesjonalne przygotowanie do zawod\u00f3w. Dbamy o indywidualne podej\u015bcie, bezpiecze\u0144stwo i rozw\u00f3j ka\u017cdego uczestnika zaj\u0119\u0107.<\/p>\n<\/div>\n\n\n\n<div class=\"wp-block-columns is-layout-flex wp-container-core-columns-is-layout-a37ede85 wp-block-columns-is-layout-flex\" style=\"padding-right:var(--wp--preset--spacing--40);padding-left:var(--wp--preset--spacing--40)\">\n<div class=\"wp-block-column is-layout-flow wp-block-column-is-layout-flow\" style=\"flex-basis:50%\">\n<div class=\"wp-block-cover is-light hoverImageWrapper\" style=\"border-radius:15px;min-height:250px;aspect-ratio:unset;\"><img loading=\"lazy\" decoding=\"async\" width=\"960\" height=\"641\" class=\"wp-block-cover__image-background wp-image-208 size-full\" alt=\"\" src=\"https:\/\/becker-sport.pl\/wp-content\/uploads\/2025\/07\/casti.png\" data-object-fit=\"cover\" srcset=\"https:\/\/becker-sport.pl\/wp-content\/uploads\/2025\/07\/casti.png 960w, https:\/\/becker-sport.pl\/wp-content\/uploads\/2025\/07\/casti-300x200.png 300w, https:\/\/becker-sport.pl\/wp-content\/uploads\/2025\/07\/casti-768x513.png 768w\" sizes=\"auto, (max-width: 960px) 100vw, 960px\" \/><span aria-hidden=\"true\" class=\"wp-block-cover__background has-background-dim-0 has-background-dim\"><\/span><div class=\"wp-block-cover__inner-container is-layout-constrained wp-block-cover-is-layout-constrained\">\n<p class=\"has-text-align-center has-large-font-size\"><\/p>\n<\/div><\/div>\n\n\n\n<div class=\"wp-block-group is-layout-constrained wp-container-core-group-is-layout-0c8748fe wp-block-group-is-layout-constrained\" style=\"border-radius:0px;border-bottom-style:none;border-bottom-width:0px;padding-top:20px;padding-right:0px;padding-bottom:20px;padding-left:0px\">\n<p class=\"has-text-align-left has-medium-font-size\" style=\"margin-bottom:var(--wp--preset--spacing--20);font-style:normal;font-weight:500\">Monika Becker<\/p>\n\n\n\n<p class=\"has-text-align-left\" style=\"margin-bottom:var(--wp--preset--spacing--40);font-style:normal;font-weight:300\">Skoki przez przeszkody<\/p>\n\n\n\n<p style=\"margin-top:var(--wp--preset--spacing--10);margin-bottom:var(--wp--preset--spacing--10);padding-right:var(--wp--preset--spacing--60);font-style:normal;font-weight:400\">Aktywna zawodniczka zawod\u00f3w mi\u0119dzynarodowych w skokach przez przeszkody. Do ka\u017cdego je\u017ad\u017aca podchodzi indywidualnie. Konie i treningi to jej pasja. Podstawa to zgrana para. Posiada II klas\u0119 sportowa, z\u0142ot\u0105 odznak\u0119.<\/p>\n<\/div>\n<\/div>\n\n\n\n<div class=\"wp-block-column is-layout-flow wp-block-column-is-layout-flow\" style=\"flex-basis:50%\">\n<div class=\"wp-block-cover hoverImageWrapper\" style=\"border-radius:15px;min-height:250px;aspect-ratio:unset;\"><img loading=\"lazy\" decoding=\"async\" width=\"1248\" height=\"838\" class=\"wp-block-cover__image-background wp-image-1496 size-full\" alt=\"\" src=\"https:\/\/becker-sport.pl\/wp-content\/uploads\/2025\/07\/Zrzut-ekranu-2025-07-28-o-15.07.07.png\" data-object-fit=\"cover\" srcset=\"https:\/\/becker-sport.pl\/wp-content\/uploads\/2025\/07\/Zrzut-ekranu-2025-07-28-o-15.07.07.png 1248w, https:\/\/becker-sport.pl\/wp-content\/uploads\/2025\/07\/Zrzut-ekranu-2025-07-28-o-15.07.07-300x201.png 300w, https:\/\/becker-sport.pl\/wp-content\/uploads\/2025\/07\/Zrzut-ekranu-2025-07-28-o-15.07.07-1024x688.png 1024w, https:\/\/becker-sport.pl\/wp-content\/uploads\/2025\/07\/Zrzut-ekranu-2025-07-28-o-15.07.07-768x516.png 768w\" sizes=\"auto, (max-width: 1248px) 100vw, 1248px\" \/><span aria-hidden=\"true\" class=\"wp-block-cover__background has-background-dim-0 has-background-dim\"><\/span><div class=\"wp-block-cover__inner-container is-layout-constrained wp-block-cover-is-layout-constrained\">\n<p class=\"has-text-align-center has-large-font-size\"><\/p>\n<\/div><\/div>\n\n\n\n<div class=\"wp-block-group is-layout-constrained wp-container-core-group-is-layout-0c8748fe wp-block-group-is-layout-constrained\" style=\"border-radius:0px;border-bottom-style:none;border-bottom-width:0px;padding-top:20px;padding-right:0px;padding-bottom:20px;padding-left:0px\">\n<p class=\"has-text-align-left has-medium-font-size\" style=\"margin-bottom:var(--wp--preset--spacing--20);font-style:normal;font-weight:500\">Maciej Wojciechowski &#8211; Konsultacyjnie<\/p>\n\n\n\n<p class=\"has-text-align-left\" style=\"margin-bottom:var(--wp--preset--spacing--40);font-style:normal;font-weight:300\">Skoki przez przeszkody<\/p>\n\n\n\n<p style=\"margin-top:var(--wp--preset--spacing--10);margin-bottom:var(--wp--preset--spacing--10);padding-right:var(--wp--preset--spacing--60);font-style:normal;font-weight:400\">Licencjonowany trener II klasy Polskiego Zwi\u0105zku Je\u017adzieckiego, kt\u00f3ry przez ponad dwie dekady anga\u017cuje si\u0119 w rozw\u00f3j je\u017adziectwa w Polsce, wspieraj\u0105c kolejne pokolenia zawodnik\u00f3w dzi\u0119ki aktualnej metodyce i wsp\u00f3\u0142pracy z czo\u0142owymi postaciami tej dyscypliny. By\u0142y trener Kadry Narodowej Senior\u00f3w w skokach przez przeszkody oraz przez pewien czas Kierownik Wyszkolenia PZJ.<\/p>\n<\/div>\n<\/div>\n\n\n\n<div class=\"wp-block-column is-layout-flow wp-block-column-is-layout-flow\" style=\"flex-basis:50%\">\n<div class=\"wp-block-cover is-light hoverImageWrapper\" style=\"border-radius:15px;min-height:250px;aspect-ratio:unset;\"><img loading=\"lazy\" decoding=\"async\" width=\"1125\" height=\"1098\" class=\"wp-block-cover__image-background wp-image-1822 size-full\" alt=\"\" src=\"https:\/\/becker-sport.pl\/wp-content\/uploads\/2025\/08\/IMG_2576.jpg\" style=\"object-position:50% 20%\" data-object-fit=\"cover\" data-object-position=\"50% 20%\" srcset=\"https:\/\/becker-sport.pl\/wp-content\/uploads\/2025\/08\/IMG_2576.jpg 1125w, https:\/\/becker-sport.pl\/wp-content\/uploads\/2025\/08\/IMG_2576-300x293.jpg 300w, https:\/\/becker-sport.pl\/wp-content\/uploads\/2025\/08\/IMG_2576-1024x999.jpg 1024w, https:\/\/becker-sport.pl\/wp-content\/uploads\/2025\/08\/IMG_2576-768x750.jpg 768w, https:\/\/becker-sport.pl\/wp-content\/uploads\/2025\/08\/IMG_2576-100x98.jpg 100w\" sizes=\"auto, (max-width: 1125px) 100vw, 1125px\" \/><span aria-hidden=\"true\" class=\"wp-block-cover__background has-background-dim-0 has-background-dim\"><\/span><div class=\"wp-block-cover__inner-container is-layout-constrained wp-block-cover-is-layout-constrained\">\n<p class=\"has-text-align-center has-large-font-size\"><\/p>\n<\/div><\/div>\n\n\n\n<div class=\"wp-block-group is-layout-constrained wp-container-core-group-is-layout-0c8748fe wp-block-group-is-layout-constrained\" style=\"border-radius:0px;border-bottom-style:none;border-bottom-width:0px;padding-top:20px;padding-right:0px;padding-bottom:20px;padding-left:0px\">\n<p class=\"has-text-align-left has-medium-font-size\" style=\"margin-bottom:var(--wp--preset--spacing--20);font-style:normal;font-weight:500\">Julia Pindelska<\/p>\n\n\n\n<p class=\"has-text-align-left\" style=\"font-style:normal;font-weight:300\">Sekcja je\u017adziecka<\/p>\n<\/div>\n<\/div>\n<\/div>\n\n\n\n<div class=\"wp-block-columns is-layout-flex wp-container-core-columns-is-layout-a37ede85 wp-block-columns-is-layout-flex\" style=\"padding-right:var(--wp--preset--spacing--40);padding-left:var(--wp--preset--spacing--40)\">\n<div class=\"wp-block-column is-layout-flow wp-block-column-is-layout-flow\" style=\"flex-basis:50%\">\n<div class=\"wp-block-cover is-light hoverImageWrapper\" style=\"border-radius:15px;min-height:250px;aspect-ratio:unset;\"><img loading=\"lazy\" decoding=\"async\" width=\"2560\" height=\"2560\" class=\"wp-block-cover__image-background wp-image-1821 size-full\" alt=\"\" src=\"https:\/\/becker-sport.pl\/wp-content\/uploads\/2025\/08\/D0A7268-Poprawione-Szum-scaled.jpg\" style=\"object-position:50% 20%\" data-object-fit=\"cover\" data-object-position=\"50% 20%\" srcset=\"https:\/\/becker-sport.pl\/wp-content\/uploads\/2025\/08\/D0A7268-Poprawione-Szum-scaled.jpg 2560w, https:\/\/becker-sport.pl\/wp-content\/uploads\/2025\/08\/D0A7268-Poprawione-Szum-300x300.jpg 300w, https:\/\/becker-sport.pl\/wp-content\/uploads\/2025\/08\/D0A7268-Poprawione-Szum-1024x1024.jpg 1024w, https:\/\/becker-sport.pl\/wp-content\/uploads\/2025\/08\/D0A7268-Poprawione-Szum-150x150.jpg 150w, https:\/\/becker-sport.pl\/wp-content\/uploads\/2025\/08\/D0A7268-Poprawione-Szum-768x768.jpg 768w, https:\/\/becker-sport.pl\/wp-content\/uploads\/2025\/08\/D0A7268-Poprawione-Szum-100x100.jpg 100w, https:\/\/becker-sport.pl\/wp-content\/uploads\/2025\/08\/D0A7268-Poprawione-Szum-1536x1536.jpg 1536w, https:\/\/becker-sport.pl\/wp-content\/uploads\/2025\/08\/D0A7268-Poprawione-Szum-2048x2048.jpg 2048w\" sizes=\"auto, (max-width: 2560px) 100vw, 2560px\" \/><span aria-hidden=\"true\" class=\"wp-block-cover__background has-background-dim-0 has-background-dim\"><\/span><div class=\"wp-block-cover__inner-container is-layout-constrained wp-block-cover-is-layout-constrained\">\n<p class=\"has-text-align-center has-large-font-size\"><\/p>\n<\/div><\/div>\n\n\n\n<div class=\"wp-block-group is-layout-constrained wp-container-core-group-is-layout-0c8748fe wp-block-group-is-layout-constrained\" style=\"border-radius:0px;border-bottom-style:none;border-bottom-width:0px;padding-top:20px;padding-right:0px;padding-bottom:20px;padding-left:0px\">\n<p class=\"has-text-align-left has-medium-font-size\" style=\"margin-bottom:var(--wp--preset--spacing--20);font-style:normal;font-weight:500\">Paulina Ga\u0142\u0105zka<\/p>\n\n\n\n<p class=\"has-text-align-left\" style=\"font-style:normal;font-weight:300\">Sekcja je\u017adziecka<\/p>\n<\/div>\n<\/div>\n\n\n\n<div class=\"wp-block-column is-layout-flow wp-block-column-is-layout-flow\" style=\"flex-basis:50%\">\n<div class=\"wp-block-cover is-light hoverImageWrapper\" style=\"border-radius:15px;min-height:250px;aspect-ratio:unset;\"><img loading=\"lazy\" decoding=\"async\" width=\"1600\" height=\"1066\" class=\"wp-block-cover__image-background wp-image-4518 size-full\" alt=\"\" src=\"https:\/\/becker-sport.pl\/wp-content\/uploads\/2025\/12\/WhatsApp-Image-2025-12-08-at-15.06.31.jpeg\" data-object-fit=\"cover\" srcset=\"https:\/\/becker-sport.pl\/wp-content\/uploads\/2025\/12\/WhatsApp-Image-2025-12-08-at-15.06.31.jpeg 1600w, https:\/\/becker-sport.pl\/wp-content\/uploads\/2025\/12\/WhatsApp-Image-2025-12-08-at-15.06.31-300x200.jpeg 300w, https:\/\/becker-sport.pl\/wp-content\/uploads\/2025\/12\/WhatsApp-Image-2025-12-08-at-15.06.31-1024x682.jpeg 1024w, https:\/\/becker-sport.pl\/wp-content\/uploads\/2025\/12\/WhatsApp-Image-2025-12-08-at-15.06.31-768x512.jpeg 768w, https:\/\/becker-sport.pl\/wp-content\/uploads\/2025\/12\/WhatsApp-Image-2025-12-08-at-15.06.31-100x67.jpeg 100w, https:\/\/becker-sport.pl\/wp-content\/uploads\/2025\/12\/WhatsApp-Image-2025-12-08-at-15.06.31-1536x1023.jpeg 1536w\" sizes=\"auto, (max-width: 1600px) 100vw, 1600px\" \/><span aria-hidden=\"true\" class=\"wp-block-cover__background has-background-dim-0 has-background-dim\"><\/span><div class=\"wp-block-cover__inner-container is-layout-constrained wp-block-cover-is-layout-constrained\">\n<p class=\"has-text-align-center has-large-font-size\"><\/p>\n<\/div><\/div>\n\n\n\n<div class=\"wp-block-group is-layout-constrained wp-container-core-group-is-layout-0c8748fe wp-block-group-is-layout-constrained\" style=\"border-radius:0px;border-bottom-style:none;border-bottom-width:0px;padding-top:20px;padding-right:0px;padding-bottom:20px;padding-left:0px\">\n<p class=\"has-text-align-left has-medium-font-size\" style=\"margin-bottom:var(--wp--preset--spacing--20);font-style:normal;font-weight:500\">Agata Bogumi\u0142<\/p>\n\n\n\n<p class=\"has-text-align-left\" style=\"font-style:normal;font-weight:300\">Sekcja je\u017adziecka<\/p>\n<\/div>\n<\/div>\n\n\n\n<div class=\"wp-block-column is-layout-flow wp-block-column-is-layout-flow\" style=\"flex-basis:50%\">\n<div class=\"wp-block-cover is-light hoverImageWrapper\" style=\"border-radius:15px;min-height:250px;aspect-ratio:unset;\"><img loading=\"lazy\" decoding=\"async\" width=\"1062\" height=\"601\" class=\"wp-block-cover__image-background wp-image-1827 size-full\" alt=\"\" src=\"https:\/\/becker-sport.pl\/wp-content\/uploads\/2025\/08\/IMG_2580.jpg\" data-object-fit=\"cover\" srcset=\"https:\/\/becker-sport.pl\/wp-content\/uploads\/2025\/08\/IMG_2580.jpg 1062w, https:\/\/becker-sport.pl\/wp-content\/uploads\/2025\/08\/IMG_2580-300x170.jpg 300w, https:\/\/becker-sport.pl\/wp-content\/uploads\/2025\/08\/IMG_2580-1024x579.jpg 1024w, https:\/\/becker-sport.pl\/wp-content\/uploads\/2025\/08\/IMG_2580-768x435.jpg 768w, https:\/\/becker-sport.pl\/wp-content\/uploads\/2025\/08\/IMG_2580-100x57.jpg 100w\" sizes=\"auto, (max-width: 1062px) 100vw, 1062px\" \/><span aria-hidden=\"true\" class=\"wp-block-cover__background has-background-dim-0 has-background-dim\"><\/span><div class=\"wp-block-cover__inner-container is-layout-constrained wp-block-cover-is-layout-constrained\">\n<p class=\"has-text-align-center has-large-font-size\"><\/p>\n<\/div><\/div>\n\n\n\n<div class=\"wp-block-group is-layout-constrained wp-container-core-group-is-layout-0c8748fe wp-block-group-is-layout-constrained\" style=\"border-radius:0px;border-bottom-style:none;border-bottom-width:0px;padding-top:20px;padding-right:0px;padding-bottom:20px;padding-left:0px\">\n<p class=\"has-text-align-left has-medium-font-size\" style=\"margin-bottom:var(--wp--preset--spacing--20);font-style:normal;font-weight:500\">Aleksandra Mol\u0119dzka<\/p>\n\n\n\n<p class=\"has-text-align-left\" style=\"font-style:normal;font-weight:300\">Sekcja je\u017adziecka<\/p>\n<\/div>\n<\/div>\n<\/div>\n<\/div>\n","protected":false},"excerpt":{"rendered":"<p>Opiekunowie i Trenerzy Poznaj nasz zesp\u00f3\u0142 do\u015bwiadczonych instruktor\u00f3w, trener\u00f3w i opiekun\u00f3w, kt\u00f3rzy z pasj\u0105 i zaanga\u017cowaniem dziel\u0105 si\u0119 swoj\u0105 wiedz\u0105 [&hellip;]<\/p>\n","protected":false},"author":1,"featured_media":0,"parent":0,"menu_order":0,"comment_status":"closed","ping_status":"closed","template":"","meta":{"site-sidebar-layout":"default","site-content-layout":"","ast-site-content-layout":"default","site-content-style":"default","site-sidebar-style":"default","ast-global-header-display":"","ast-banner-title-visibility":"","ast-main-header-display":"","ast-hfb-above-header-display":"","ast-hfb-below-header-display":"","ast-hfb-mobile-header-display":"","site-post-title":"disabled","ast-breadcrumbs-content":"","ast-featured-img":"","footer-sml-layout":"","ast-disable-related-posts":"","theme-transparent-header-meta":"","adv-header-id-meta":"","stick-header-meta":"","header-above-stick-meta":"","header-main-stick-meta":"","header-below-stick-meta":"","astra-migrate-meta-layouts":"default","ast-page-background-enabled":"default","ast-page-background-meta":{"desktop":{"background-color":"var(--ast-global-color-5)","background-image":"","background-repeat":"repeat","background-position":"center center","background-size":"auto","background-attachment":"scroll","background-type":"","background-media":"","overlay-type":"","overlay-color":"","overlay-opacity":"","overlay-gradient":""},"tablet":{"background-color":"","background-image":"","background-repeat":"repeat","background-position":"center center","background-size":"auto","background-attachment":"scroll","background-type":"","background-media":"","overlay-type":"","overlay-color":"","overlay-opacity":"","overlay-gradient":""},"mobile":{"background-color":"","background-image":"","background-repeat":"repeat","background-position":"center center","background-size":"auto","background-attachment":"scroll","background-type":"","background-media":"","overlay-type":"","overlay-color":"","overlay-opacity":"","overlay-gradient":""}},"ast-content-background-meta":{"desktop":{"background-color":"var(--ast-global-color-4)","background-image":"","background-repeat":"repeat","background-position":"center center","background-size":"auto","background-attachment":"scroll","background-type":"","background-media":"","overlay-type":"","overlay-color":"","overlay-opacity":"","overlay-gradient":""},"tablet":{"background-color":"var(--ast-global-color-4)","background-image":"","background-repeat":"repeat","background-position":"center center","background-size":"auto","background-attachment":"scroll","background-type":"","background-media":"","overlay-type":"","overlay-color":"","overlay-opacity":"","overlay-gradient":""},"mobile":{"background-color":"var(--ast-global-color-4)","background-image":"","background-repeat":"repeat","background-position":"center center","background-size":"auto","background-attachment":"scroll","background-type":"","background-media":"","overlay-type":"","overlay-color":"","overlay-opacity":"","overlay-gradient":""}},"footnotes":""},"class_list":["post-778","page","type-page","status-publish","hentry"],"_links":{"self":[{"href":"https:\/\/becker-sport.pl\/index.php\/wp-json\/wp\/v2\/pages\/778","targetHints":{"allow":["GET"]}}],"collection":[{"href":"https:\/\/becker-sport.pl\/index.php\/wp-json\/wp\/v2\/pages"}],"about":[{"href":"https:\/\/becker-sport.pl\/index.php\/wp-json\/wp\/v2\/types\/page"}],"author":[{"embeddable":true,"href":"https:\/\/becker-sport.pl\/index.php\/wp-json\/wp\/v2\/users\/1"}],"replies":[{"embeddable":true,"href":"https:\/\/becker-sport.pl\/index.php\/wp-json\/wp\/v2\/comments?post=778"}],"version-history":[{"count":28,"href":"https:\/\/becker-sport.pl\/index.php\/wp-json\/wp\/v2\/pages\/778\/revisions"}],"predecessor-version":[{"id":4670,"href":"https:\/\/becker-sport.pl\/index.php\/wp-json\/wp\/v2\/pages\/778\/revisions\/4670"}],"wp:attachment":[{"href":"https:\/\/becker-sport.pl\/index.php\/wp-json\/wp\/v2\/media?parent=778"}],"curies":[{"name":"wp","href":"https:\/\/api.w.org\/{rel}","templated":true}]}}