{"id":728,"date":"2025-07-24T12:03:31","date_gmt":"2025-07-24T10:03:31","guid":{"rendered":"https:\/\/becker-sport.pl\/?page_id=728"},"modified":"2025-11-06T11:35:38","modified_gmt":"2025-11-06T10:35:38","slug":"zasady-sekcji-jezdzieckiej","status":"publish","type":"page","link":"https:\/\/becker-sport.pl\/index.php\/zasady-sekcji-jezdzieckiej\/","title":{"rendered":"Zasady sekcji je\u017adzieckiej"},"content":{"rendered":"\n<div class=\"wp-block-cover alignfull hoverImageWrapper\" style=\"margin-top:0;margin-bottom:0;min-height:200px;aspect-ratio:unset;\"><img loading=\"lazy\" decoding=\"async\" width=\"1024\" height=\"400\" class=\"wp-block-cover__image-background wp-image-295 size-full\" alt=\"\" src=\"https:\/\/becker-sport.pl\/wp-content\/uploads\/2025\/07\/Sygnet.png\" data-object-fit=\"cover\" srcset=\"https:\/\/becker-sport.pl\/wp-content\/uploads\/2025\/07\/Sygnet.png 1024w, https:\/\/becker-sport.pl\/wp-content\/uploads\/2025\/07\/Sygnet-300x117.png 300w, https:\/\/becker-sport.pl\/wp-content\/uploads\/2025\/07\/Sygnet-768x300.png 768w\" sizes=\"auto, (max-width: 1024px) 100vw, 1024px\" \/><span aria-hidden=\"true\" class=\"wp-block-cover__background has-black-background-color has-background-dim-60 has-background-dim\"><\/span><div class=\"wp-block-cover__inner-container is-layout-constrained wp-block-cover-is-layout-constrained\">\n<h1 class=\"wp-block-heading has-text-align-center has-white-color has-text-color has-link-color wp-elements-f68d15d7b783dc731fe6a26aed33d3e9\" style=\"font-size:64px\">Zasady sekcji je\u017adzieckiej<\/h1>\n<\/div><\/div>\n\n\n\n<div class=\"wp-block-columns is-layout-flex wp-container-core-columns-is-layout-4d66dee9 wp-block-columns-is-layout-flex\" style=\"padding-right:var(--wp--preset--spacing--40);padding-left:var(--wp--preset--spacing--40)\">\n<div class=\"wp-block-column is-layout-flow wp-block-column-is-layout-flow\" style=\"padding-right:var(--wp--preset--spacing--60);padding-left:var(--wp--preset--spacing--60)\">\n<h2 class=\"wp-block-heading\" style=\"margin-top:var(--wp--preset--spacing--30);margin-bottom:0;padding-top:0;padding-bottom:0\">Zasady trening\u00f3w:<\/h2>\n\n\n\n<hr class=\"wp-block-separator has-alpha-channel-opacity is-style-wide\" style=\"margin-bottom:var(--wp--preset--spacing--30)\"\/>\n\n\n\n<p><strong>1. Umawianie trening\u00f3w<\/strong><br>Zaj\u0119cia rezerwujemy telefonicznie lub wiadomo\u015bci\u0105 SMS \/ WhatsApp pod numerem <strong>605 891 110<\/strong>.<br><br><strong>2. Odwo\u0142ywanie bez op\u0142at<\/strong><br>Trening mo\u017cna bezp\u0142atnie odwo\u0142a\u0107&nbsp;<strong>na minimum dzie\u0144 przed ustalonym treningiem<\/strong>. Wystarczy wiadomo\u015b\u0107 SMS \/ WhatsApp z informacj\u0105 &#8211; odwo\u0142amy lub znajdziemy inny dogodny termin.<br><br><strong>3. Brak odwo\u0142ania = pe\u0142na op\u0142ata<\/strong><br>W przypadku nieodwo\u0142ania zaj\u0119\u0107 w terminie, obowi\u0105zuje&nbsp;<strong>pe\u0142na op\u0142ata<\/strong>. Kolejny trening mo\u017cna zarezerwowa\u0107 po uregulowaniu nale\u017cno\u015bci.<br><br><strong>4. Odwo\u0142anie przez o\u015brodek<\/strong><br>Je\u015bli trening zostanie odwo\u0142any przez o\u015brodek (np. choroba instruktora), zaproponujemy inny termin.<br><br><strong>5. Reklamacje<\/strong><br>Wszelkie uwagi dotycz\u0105ce zaj\u0119\u0107 nale\u017cy zg\u0142asza\u0107&nbsp;<strong>w dniu treningu<\/strong>&nbsp;pod numerem 605 891 110 lub 600 747 544.<br><br><strong>6. Stan zdrowia uczestnika<\/strong><br>Uczestnik deklaruje <strong>brak przeciwwskaza\u0144 zdrowotnych<\/strong> do jazdy konnej. Zalecamy wcze\u015bniejsz\u0105 konsultacj\u0119 w poradni medycyny sportowej.<br><br><strong>7. Informacje o dziecku<\/strong><br>Opiekun dziecka ma obowi\u0105zek poinformowa\u0107 instruktora o ewentualnych ograniczeniach psychofizycznych dziecka.<br><br><strong>8. \u015awiadomo\u015b\u0107 ryzyka<\/strong><br>Uczestnik zaj\u0119\u0107 o\u015bwiadcza, \u017ce jest \u015bwiadomy, i\u017c jazda konna to&nbsp;<strong>sport podwy\u017cszonego ryzyka<\/strong>&nbsp;i mo\u017ce wi\u0105za\u0107 si\u0119 z kontuzjami. Prosimy o dostarczenie na pierwsz\u0105 jazd\u0119 podpisanego o\u015bwiadczenia.<br><br><em><a href=\"https:\/\/becker-sport.pl\/wp-content\/uploads\/2025\/07\/Oswiadczenie-osoba-niepelnoletnia.pdf\" data-type=\"link\" data-id=\"https:\/\/becker-sport.pl\/wp-content\/uploads\/2025\/07\/Oswiadczenie-osoba-niepelnoletnia.pdf\">O\u015bwiadczenie o ryzyku &#8211; osoba niepe\u0142noletnia<\/a><br><a href=\"https:\/\/becker-sport.pl\/wp-content\/uploads\/2025\/07\/Oswiadczenie-osoba-dorosla.pdf\" data-type=\"link\" data-id=\"https:\/\/becker-sport.pl\/wp-content\/uploads\/2025\/07\/Oswiadczenie-osoba-dorosla.pdf\">O\u015bwiadczenie o ryzyku &#8211; osoba doros\u0142a<\/a><\/em><br><br><strong>9. Punktualno\u015b\u0107<\/strong><br>Prosimy o przybycie&nbsp;<strong>co najmniej 30 minut przed treningiem<\/strong>, by przygotowa\u0107 konia i je\u017ad\u017aca do zaj\u0119\u0107. Czas przygotowania nie jest wliczany w czas jazdy.<br><br>Sp\u00f3\u017anienie na trening skutkuje jego skr\u00f3ceniem o czas sp\u00f3\u017anienia.<br>W przypadku sp\u00f3\u017anienia powy\u017cej 15 minut, trener ma prawo odwo\u0142a\u0107 jazd\u0119, a je\u017adziec zobowi\u0105zuje si\u0119 do dokonania pe\u0142nej op\u0142aty za trening.<br><br><strong>10. Polisa NNW<\/strong><br>Je\u017adziec powinien posiada\u0107&nbsp;<strong>wa\u017cn\u0105 polis\u0119 NNW<\/strong>&nbsp;wykupion\u0105 we w\u0142asnym zakresie.<br>Polisa powinna obejmowa\u0107 sporty ekstremalne (w tym je\u017adziectwo).<br><br><strong>11. Bezpiecze\u0144stwo dzieci<\/strong><br>Instruktor odpowiada za bezpiecze\u0144stwo dziecka&nbsp;<strong>tylko podczas treningu<\/strong>. Podczas przygotowania konia oraz po zaj\u0119ciach je\u017ad\u017acy niepe\u0142noletni przebywaj\u0105&nbsp;<strong>wy\u0142\u0105cznie pod opiek\u0105 rodzica lub opiekuna prawnego<\/strong>.<br><br>Przebywanie przy koniu mo\u017ce odbywa\u0107 si\u0119 <strong>tylko<\/strong> w kasku.<br><br><strong>12. Decyzje instruktora<\/strong><br>O doborze konia i przebiegu treningu decyduje wy\u0142\u0105cznie&nbsp;<strong>Instruktor<\/strong>. Odmowa udzia\u0142u w zaj\u0119ciach ze strony je\u017ad\u017aca&nbsp;<strong>nie zwalnia z op\u0142aty<\/strong>.<br><br><strong>13. Obowi\u0105zek przestrzegania regulaminu<\/strong><br>Je\u017ad\u017acy i osoby towarzysz\u0105ce zobowi\u0105zani s\u0105 do przestrzegania&nbsp;<strong>regulaminu o\u015brodka<\/strong>&nbsp;oraz stosowania si\u0119 do polece\u0144 pracownik\u00f3w. Regulamin znajduje si\u0119&nbsp;<strong>na drzwiach stajni<\/strong>.<br><br><strong>14. Zakazy bez zgody instruktora<\/strong><br>Bez wyra\u017anej zgody instruktora uczestnik nie mo\u017ce:<br>\u25aa\ufe0fwsiada\u0107 na konia bez obecno\u015bci instruktora,<br>\u25aa\ufe0fnagrywa\u0107 trening\u00f3w, <br>\u25aa\ufe0fkarmi\u0107 koni.<br><br><strong>15. Akceptacja zasad<\/strong><br>Zapisanie si\u0119 na trening oznacza&nbsp;<strong>akceptacj\u0119 powy\u017cszych zasad<\/strong>.<\/p>\n<\/div>\n\n\n\n<div class=\"wp-block-column is-layout-flow wp-block-column-is-layout-flow\" style=\"padding-top:0;padding-right:var(--wp--preset--spacing--60);padding-bottom:0;padding-left:var(--wp--preset--spacing--60)\">\n<h2 class=\"wp-block-heading\" style=\"margin-top:var(--wp--preset--spacing--30);margin-bottom:0;padding-top:0;padding-bottom:0\">Zasady porz\u0105dkowe:<\/h2>\n\n\n\n<hr class=\"wp-block-separator has-alpha-channel-opacity is-style-wide\" style=\"margin-bottom:var(--wp--preset--spacing--30)\"\/>\n\n\n\n<p><strong>1. Ka\u017cdy ma obowi\u0105zek sprz\u0105ta\u0107 po sobie:<\/strong><br>\u25aa\ufe0f plac \/ hal\u0119 po je\u017adzie *,<br>\u25aa\ufe0fstanowisko \/ myjk\u0119 \u2013 tak\u017ce po czyszczeniu kopyt,&nbsp;przed wyj\u015bciem na jazd\u0119&nbsp;lub odprowadzeniem konia.<br><br>* bez wzgl\u0119du na to czy ko\u0144 na kt\u00f3rym je\u017adzili\u015bmy si\u0119 za\u0142atwi\u0142. ZAWSZE wracamy posprz\u0105ta\u0107.<br><br><strong>2. Sprz\u0119t je\u017adziecki<\/strong><br>\u25aa\ufe0f w\u0119dzid\u0142a \u2013 dok\u0142adnie myjemy w wiaderku na myjce,<br>\u25aa\ufe0f og\u0142owia \u2013 odwieszamy w siodlarni,<br>\u25aa\ufe0f siod\u0142a \u2013 zak\u0142adamy pokrowce i odwieszamy na wieszaki,<br>\u25aa\ufe0f podk\u0142adki \u2013 odk\u0142adamy na rega\u0142 w siodlarni,<br>\u25aa\ufe0f ochraniacze \u2013 oczyszczamy z piachu, odk\u0142adamy do work\u00f3w,<br>\u25aa\ufe0f szczotki \u2013 odk\u0142adamy do&nbsp;podpisanych&nbsp;work\u00f3w,<br>\u25aa\ufe0f NIE WOLNO korzysta\u0107 z kantar\u00f3w i uwi\u0105z\u00f3w wisz\u0105cych w stajniach murowanych.<br><br><strong>3. Odp\u0142yw na myjce<\/strong><br>Je\u015bli odp\u0142yw na myjce jest zapchany \u2013 nale\u017cy go odblokowa\u0107 szczotk\u0105.<br><br><strong>4. W okresie zimowym<\/strong><br>\u25aa\ufe0f zak\u0142adamy derki polarowe na treningi &#8211; do odwo\u0142ania,<br>\u25aa\ufe0f po je\u017adzie konie <strong>obowi\u0105zkowo<\/strong> ubieramy w&nbsp;podpisane&nbsp;derki stajenne,<br>\u25aa\ufe0f zamykamy siodlarni\u0119&nbsp;\u2013 tam jest ogrzewanie pod\u0142ogowe.<br><br><strong>5. Wychodz\u0105c ostatni ze stajni<\/strong><br>\u25aa\ufe0f wy\u0142\u0105czamy wszystkie \u015bwiat\u0142a,<br>\u25aa\ufe0f wy\u0142\u0105czamy radio.<br><br><strong>6. Szanujemy sprz\u0119t<\/strong><br>Nie pozostawiamy sprz\u0119tu na ziemi, w wodzie itp. W obr\u0119bie stanowisk znajduje si\u0119 du\u017co wieszak\u00f3w.<br><br><strong>7. Niepokoj\u0105ce objawy<\/strong><br>Je\u015bli zauwa\u017cysz u konia&nbsp;ran\u0119, obtarcie, kulawizn\u0119 lub inne niepokoj\u0105ce objawy&nbsp;\u2013&nbsp;<strong>NATYCHMIAST<\/strong> poinformuj instruktora!<br><br><strong>8. Kara za nieprzestrzeganie zasad<\/strong><br>Niezastosowanie si\u0119 do powy\u017cszych zasad skutkuje op\u0142at\u0105&nbsp;<strong>50 z\u0142 za ka\u017cdy incydent<\/strong>.<br><br><strong>9. Akceptacja zasad<\/strong><br>Zapisanie si\u0119 na trening oznacza&nbsp;<strong>akceptacj\u0119 powy\u017cszych zasad<\/strong>.<\/p>\n\n\n\n<div style=\"height:50px\" aria-hidden=\"true\" class=\"wp-block-spacer\"><\/div>\n\n\n\n<h2 class=\"wp-block-heading\">Pobierz<\/h2>\n\n\n\n<div class=\"wp-block-buttons is-layout-flex wp-block-buttons-is-layout-flex\">\n<div class=\"wp-block-button\"><a class=\"wp-block-button__link wp-element-button\" href=\"https:\/\/becker-sport.pl\/wp-content\/uploads\/2025\/07\/Zasady-szkolki_BSEC.pdf\" style=\"text-transform:none\">Zasady porz\u0105dkowe<\/a><\/div>\n<\/div>\n<\/div>\n<\/div>\n","protected":false},"excerpt":{"rendered":"<p>Zasady trening\u00f3w: 1. Umawianie trening\u00f3wZaj\u0119cia rezerwujemy telefonicznie lub wiadomo\u015bci\u0105 SMS \/ WhatsApp pod numerem 605 891 110. 2. Odwo\u0142ywanie bez [&hellip;]<\/p>\n","protected":false},"author":1,"featured_media":0,"parent":0,"menu_order":0,"comment_status":"closed","ping_status":"closed","template":"","meta":{"site-sidebar-layout":"default","site-content-layout":"","ast-site-content-layout":"default","site-content-style":"default","site-sidebar-style":"default","ast-global-header-display":"","ast-banner-title-visibility":"","ast-main-header-display":"","ast-hfb-above-header-display":"","ast-hfb-below-header-display":"","ast-hfb-mobile-header-display":"","site-post-title":"disabled","ast-breadcrumbs-content":"","ast-featured-img":"","footer-sml-layout":"","ast-disable-related-posts":"","theme-transparent-header-meta":"","adv-header-id-meta":"","stick-header-meta":"","header-above-stick-meta":"","header-main-stick-meta":"","header-below-stick-meta":"","astra-migrate-meta-layouts":"default","ast-page-background-enabled":"default","ast-page-background-meta":{"desktop":{"background-color":"var(--ast-global-color-5)","background-image":"","background-repeat":"repeat","background-position":"center center","background-size":"auto","background-attachment":"scroll","background-type":"","background-media":"","overlay-type":"","overlay-color":"","overlay-opacity":"","overlay-gradient":""},"tablet":{"background-color":"","background-image":"","background-repeat":"repeat","background-position":"center center","background-size":"auto","background-attachment":"scroll","background-type":"","background-media":"","overlay-type":"","overlay-color":"","overlay-opacity":"","overlay-gradient":""},"mobile":{"background-color":"","background-image":"","background-repeat":"repeat","background-position":"center center","background-size":"auto","background-attachment":"scroll","background-type":"","background-media":"","overlay-type":"","overlay-color":"","overlay-opacity":"","overlay-gradient":""}},"ast-content-background-meta":{"desktop":{"background-color":"var(--ast-global-color-4)","background-image":"","background-repeat":"repeat","background-position":"center center","background-size":"auto","background-attachment":"scroll","background-type":"","background-media":"","overlay-type":"","overlay-color":"","overlay-opacity":"","overlay-gradient":""},"tablet":{"background-color":"var(--ast-global-color-4)","background-image":"","background-repeat":"repeat","background-position":"center center","background-size":"auto","background-attachment":"scroll","background-type":"","background-media":"","overlay-type":"","overlay-color":"","overlay-opacity":"","overlay-gradient":""},"mobile":{"background-color":"var(--ast-global-color-4)","background-image":"","background-repeat":"repeat","background-position":"center center","background-size":"auto","background-attachment":"scroll","background-type":"","background-media":"","overlay-type":"","overlay-color":"","overlay-opacity":"","overlay-gradient":""}},"footnotes":""},"class_list":["post-728","page","type-page","status-publish","hentry"],"_links":{"self":[{"href":"https:\/\/becker-sport.pl\/index.php\/wp-json\/wp\/v2\/pages\/728","targetHints":{"allow":["GET"]}}],"collection":[{"href":"https:\/\/becker-sport.pl\/index.php\/wp-json\/wp\/v2\/pages"}],"about":[{"href":"https:\/\/becker-sport.pl\/index.php\/wp-json\/wp\/v2\/types\/page"}],"author":[{"embeddable":true,"href":"https:\/\/becker-sport.pl\/index.php\/wp-json\/wp\/v2\/users\/1"}],"replies":[{"embeddable":true,"href":"https:\/\/becker-sport.pl\/index.php\/wp-json\/wp\/v2\/comments?post=728"}],"version-history":[{"count":58,"href":"https:\/\/becker-sport.pl\/index.php\/wp-json\/wp\/v2\/pages\/728\/revisions"}],"predecessor-version":[{"id":4064,"href":"https:\/\/becker-sport.pl\/index.php\/wp-json\/wp\/v2\/pages\/728\/revisions\/4064"}],"wp:attachment":[{"href":"https:\/\/becker-sport.pl\/index.php\/wp-json\/wp\/v2\/media?parent=728"}],"curies":[{"name":"wp","href":"https:\/\/api.w.org\/{rel}","templated":true}]}}