{"id":604,"date":"2025-07-24T08:14:21","date_gmt":"2025-07-24T06:14:21","guid":{"rendered":"https:\/\/becker-sport.pl\/?page_id=604"},"modified":"2025-11-06T14:02:54","modified_gmt":"2025-11-06T13:02:54","slug":"przynaleznosc-klubowa","status":"publish","type":"page","link":"https:\/\/becker-sport.pl\/index.php\/przynaleznosc-klubowa\/","title":{"rendered":"Przynale\u017cno\u015b\u0107 klubowa"},"content":{"rendered":"\n<div class=\"wp-block-cover alignfull hoverImageWrapper\" style=\"margin-top:0;margin-bottom:0;min-height:200px;aspect-ratio:unset;\"><img loading=\"lazy\" decoding=\"async\" width=\"1024\" height=\"400\" class=\"wp-block-cover__image-background wp-image-295 size-full\" alt=\"\" src=\"https:\/\/becker-sport.pl\/wp-content\/uploads\/2025\/07\/Sygnet.png\" data-object-fit=\"cover\" srcset=\"https:\/\/becker-sport.pl\/wp-content\/uploads\/2025\/07\/Sygnet.png 1024w, https:\/\/becker-sport.pl\/wp-content\/uploads\/2025\/07\/Sygnet-300x117.png 300w, https:\/\/becker-sport.pl\/wp-content\/uploads\/2025\/07\/Sygnet-768x300.png 768w\" sizes=\"auto, (max-width: 1024px) 100vw, 1024px\" \/><span aria-hidden=\"true\" class=\"wp-block-cover__background has-black-background-color has-background-dim-60 has-background-dim\"><\/span><div class=\"wp-block-cover__inner-container is-layout-constrained wp-block-cover-is-layout-constrained\">\n<h1 class=\"wp-block-heading has-text-align-center has-white-color has-text-color has-link-color wp-elements-6d815b9c13ec3514ce34a03b29489711\" style=\"font-size:64px\">Przynale\u017cno\u015b\u0107 klubowa<\/h1>\n<\/div><\/div>\n\n\n\n<div class=\"wp-block-group is-layout-constrained wp-container-core-group-is-layout-e5275f46 wp-block-group-is-layout-constrained\" style=\"margin-top:0;margin-bottom:0;padding-top:70px;padding-right:20px;padding-bottom:70px;padding-left:20px\">\n<div class=\"wp-block-group is-content-justification-space-between is-layout-flex wp-container-core-group-is-layout-37776e96 wp-block-group-is-layout-flex\" style=\"margin-top:0;margin-bottom:0;padding-right:var(--wp--preset--spacing--40);padding-bottom:50px;padding-left:var(--wp--preset--spacing--40)\">\n<h2 class=\"wp-block-heading wp-container-content-432d1f4f\">SKJ Becker Sport<\/h2>\n\n\n\n<p class=\"wp-container-content-6511ad4a\">Do\u0142\u0105cz do Spo\u0142eczno\u015bci Becker Sport Equestrian Center i rozwijaj swoj\u0105 je\u017adzieck\u0105 pasj\u0119 w profesjonalnym, wspieraj\u0105cym \u015brodowisku. Cz\u0142onkostwo w naszym klubie to nie tylko sportowa przynale\u017cno\u015b\u0107 \u2013 to tak\u017ce dost\u0119p do wyj\u0105tkowych mo\u017cliwo\u015bci treningowych, wsparcia trenerskiego oraz udzia\u0142u w zawodach i wydarzeniach je\u017adzieckich pod szyldem renomowanego o\u015brodka.<\/p>\n<\/div>\n\n\n\n<div class=\"wp-block-columns is-layout-flex wp-container-core-columns-is-layout-08c01c1c wp-block-columns-is-layout-flex\">\n<div class=\"wp-block-column is-vertically-aligned-center is-layout-flow wp-block-column-is-layout-flow\" style=\"padding-right:var(--wp--preset--spacing--40);padding-left:var(--wp--preset--spacing--40)\">\n<div class=\"wp-block-group is-layout-constrained wp-container-core-group-is-layout-0c8748fe wp-block-group-is-layout-constrained\" style=\"border-radius:0px;border-bottom-color:#d1d1d1;border-bottom-width:1px;padding-top:20px;padding-right:0px;padding-bottom:20px;padding-left:0px\">\n<p class=\"has-text-align-left has-large-font-size\" style=\"margin-bottom:var(--wp--preset--spacing--40);font-style:normal;font-weight:500\">Dla kogo?<\/p>\n\n\n\n<p class=\"has-text-align-left\">Zar\u00f3wno dla je\u017ad\u017ac\u00f3w rekreacyjnych, jak i sportowc\u00f3w startuj\u0105cych w zawodach \u2013 niezale\u017cnie od poziomu zaawansowania.<\/p>\n<\/div>\n\n\n\n<div class=\"wp-block-group is-layout-constrained wp-container-core-group-is-layout-0c8748fe wp-block-group-is-layout-constrained\" style=\"border-radius:0px;border-bottom-color:#d1d1d1;border-bottom-width:1px;padding-top:20px;padding-right:0px;padding-bottom:20px;padding-left:0px\">\n<p class=\"has-text-align-left has-large-font-size\" style=\"margin-bottom:var(--wp--preset--spacing--40);font-style:normal;font-weight:500\">Co obejmuje?<\/p>\n\n\n\n<div class=\"wp-block-group is-nowrap is-layout-flex wp-container-core-group-is-layout-93392cf4 wp-block-group-is-layout-flex\" style=\"margin-top:var(--wp--preset--spacing--10);margin-bottom:var(--wp--preset--spacing--10)\">\n<figure class=\"wp-block-image size-full is-resized wp-duotone-a78e44-a78e44-1\" style=\"margin-right:var(--wp--preset--spacing--40)\"><img decoding=\"async\" src=\"https:\/\/becker-sport.pl\/wp-content\/themes\/gutentools\/assets\/images\/checkmark.png\" alt=\"\" class=\"wp-image-89\" style=\"width:30px\"\/><\/figure>\n\n\n\n<p style=\"margin-top:0;margin-bottom:0;padding-top:0;padding-bottom:0\">mo\u017cliwo\u015b\u0107 reprezentowania SKJ Becker Sport na zawodach,<\/p>\n<\/div>\n\n\n\n<div class=\"wp-block-group is-nowrap is-layout-flex wp-container-core-group-is-layout-17c695da wp-block-group-is-layout-flex\">\n<figure class=\"wp-block-image size-full is-resized wp-duotone-a78e44-a78e44-2\" style=\"margin-right:var(--wp--preset--spacing--40)\"><img decoding=\"async\" src=\"https:\/\/becker-sport.pl\/wp-content\/themes\/gutentools\/assets\/images\/checkmark.png\" alt=\"\" class=\"wp-image-89\" style=\"width:30px\"\/><\/figure>\n\n\n\n<p style=\"margin-top:0;margin-bottom:0;padding-top:0;padding-bottom:0\">czaprak klubowy w pierwszym roku *<\/p>\n<\/div>\n\n\n\n<div class=\"wp-block-group is-nowrap is-layout-flex wp-container-core-group-is-layout-93392cf4 wp-block-group-is-layout-flex\" style=\"margin-top:var(--wp--preset--spacing--10);margin-bottom:var(--wp--preset--spacing--10)\">\n<figure class=\"wp-block-image size-full is-resized wp-duotone-a78e44-a78e44-3\" style=\"margin-right:var(--wp--preset--spacing--40)\"><img decoding=\"async\" src=\"https:\/\/becker-sport.pl\/wp-content\/themes\/gutentools\/assets\/images\/checkmark.png\" alt=\"\" class=\"wp-image-89\" style=\"width:30px\"\/><\/figure>\n\n\n\n<p style=\"margin-top:0;margin-bottom:0;padding-top:0;padding-bottom:0\">zni\u017cka na zawodach w naszym o\u015brodku **<\/p>\n<\/div>\n\n\n\n<p class=\"has-text-align-left\" style=\"margin-top:var(--wp--preset--spacing--40)\">* tylko dla zawodnik\u00f3w z pensjonatu<br>** zni\u017cka lub dodatki sponsorskie<\/p>\n<\/div>\n\n\n\n<div class=\"wp-block-group is-layout-constrained wp-container-core-group-is-layout-0c8748fe wp-block-group-is-layout-constrained\" style=\"border-radius:0px;border-bottom-color:#d1d1d1;border-bottom-width:1px;padding-top:20px;padding-right:0px;padding-bottom:20px;padding-left:0px\">\n<p class=\"has-text-align-left has-large-font-size\" style=\"margin-bottom:var(--wp--preset--spacing--40);font-style:normal;font-weight:500\">Jak do\u0142\u0105czy\u0107?<\/p>\n\n\n\n<p class=\"has-text-align-left\">Wystarczy zakupi\u0107 przynale\u017cno\u015b\u0107 klubow\u0105 w o\u015brodku i post\u0119powa\u0107 zgodnie z dalszymi instrukcjami (m.in. dostarczenie zdj\u0119cia do licencji, podpisanie zgody RODO i wniosku klubowego).<\/p>\n<\/div>\n\n\n\n<div class=\"wp-block-group is-layout-constrained wp-container-core-group-is-layout-0c8748fe wp-block-group-is-layout-constrained\" style=\"border-radius:0px;border-bottom-color:#d1d1d1;border-bottom-width:1px;padding-top:20px;padding-right:0px;padding-bottom:20px;padding-left:0px\">\n<p class=\"has-text-align-left has-large-font-size\" style=\"margin-bottom:var(--wp--preset--spacing--40);font-style:normal;font-weight:500\">Ile kosztuje i jak dokona\u0107 zap\u0142aty?<\/p>\n\n\n\n<p class=\"has-text-align-left\">Cz\u0142onkostwo zwyk\u0142e: <strong>150 z\u0142<\/strong> \/ rok<\/p>\n\n\n\n<p>Cz\u0142onkostwo premium: <strong>500 z\u0142<\/strong> \/ rok *<br><br>* Sk\u0142adka premium upowa\u017cnia do zni\u017cki 10% na wpisowe na zawodach BSEC.<\/p>\n<\/div>\n<\/div>\n\n\n\n<div class=\"wp-block-column is-layout-flow wp-block-column-is-layout-flow\" style=\"padding-right:var(--wp--preset--spacing--40);padding-left:var(--wp--preset--spacing--40);flex-basis:50%\">\n<div class=\"wp-block-cover hoverImageWrapper\" style=\"border-radius:20px;min-height:750px;aspect-ratio:unset;\"><img loading=\"lazy\" decoding=\"async\" width=\"768\" height=\"1024\" class=\"wp-block-cover__image-background wp-image-585 size-large\" alt=\"\" src=\"https:\/\/becker-sport.pl\/wp-content\/uploads\/2025\/07\/IMG_2459-768x1024.png\" data-object-fit=\"cover\" srcset=\"https:\/\/becker-sport.pl\/wp-content\/uploads\/2025\/07\/IMG_2459-768x1024.png 768w, https:\/\/becker-sport.pl\/wp-content\/uploads\/2025\/07\/IMG_2459-225x300.png 225w, https:\/\/becker-sport.pl\/wp-content\/uploads\/2025\/07\/IMG_2459-1152x1536.png 1152w, https:\/\/becker-sport.pl\/wp-content\/uploads\/2025\/07\/IMG_2459.png 1500w\" sizes=\"auto, (max-width: 768px) 100vw, 768px\" \/><span aria-hidden=\"true\" class=\"wp-block-cover__background has-background-dim-0 has-background-dim\"><\/span><div class=\"wp-block-cover__inner-container is-layout-constrained wp-block-cover-is-layout-constrained\">\n<p class=\"has-text-align-center has-large-font-size\"><\/p>\n<\/div><\/div>\n\n\n\n<p><strong>Dane do op\u0142at:<\/strong><br>Sportowy Klub Je\u017adziecki Becker Sport<br>63 1500 1272 1212 7004 8867 0000<br><br>W tytule prosimy wpisa\u0107 Nazwisko zawodnika i przes\u0142a\u0107 wniosek na <a href=\"mailto:mb@becker-sport.pl\">mb@becker-sport.pl<\/a><\/p>\n<\/div>\n<\/div>\n\n\n\n<div style=\"height:70px\" aria-hidden=\"true\" class=\"wp-block-spacer\"><\/div>\n\n\n\n<div class=\"wp-block-columns is-layout-flex wp-container-core-columns-is-layout-5f2652e6 wp-block-columns-is-layout-flex\" style=\"margin-top:0;margin-bottom:0\">\n<div class=\"wp-block-column is-layout-flow wp-block-column-is-layout-flow\" style=\"padding-right:var(--wp--preset--spacing--40);padding-left:var(--wp--preset--spacing--40);flex-basis:50%\">\n<div class=\"wp-block-cover is-light hoverImageWrapper\" style=\"border-radius:20px;min-height:500px;aspect-ratio:unset;\"><img loading=\"lazy\" decoding=\"async\" width=\"683\" height=\"1024\" class=\"wp-block-cover__image-background wp-image-2042 size-large\" alt=\"\" src=\"https:\/\/becker-sport.pl\/wp-content\/uploads\/2025\/10\/Przynaleznosc-klubowa_reprezentowanie_-683x1024.png\" style=\"object-position:50% 30%\" data-object-fit=\"cover\" data-object-position=\"50% 30%\" srcset=\"https:\/\/becker-sport.pl\/wp-content\/uploads\/2025\/10\/Przynaleznosc-klubowa_reprezentowanie_-683x1024.png 683w, https:\/\/becker-sport.pl\/wp-content\/uploads\/2025\/10\/Przynaleznosc-klubowa_reprezentowanie_-200x300.png 200w, https:\/\/becker-sport.pl\/wp-content\/uploads\/2025\/10\/Przynaleznosc-klubowa_reprezentowanie_-768x1152.png 768w, https:\/\/becker-sport.pl\/wp-content\/uploads\/2025\/10\/Przynaleznosc-klubowa_reprezentowanie_-100x150.png 100w, https:\/\/becker-sport.pl\/wp-content\/uploads\/2025\/10\/Przynaleznosc-klubowa_reprezentowanie_.png 1024w\" sizes=\"auto, (max-width: 683px) 100vw, 683px\" \/><span aria-hidden=\"true\" class=\"wp-block-cover__background has-background-dim-0 has-background-dim\"><\/span><div class=\"wp-block-cover__inner-container is-layout-constrained wp-block-cover-is-layout-constrained\">\n<p class=\"has-text-align-center has-large-font-size\"><\/p>\n<\/div><\/div>\n<\/div>\n\n\n\n<div class=\"wp-block-column is-vertically-aligned-center is-layout-flow wp-block-column-is-layout-flow\" style=\"padding-right:var(--wp--preset--spacing--40);padding-left:var(--wp--preset--spacing--40)\">\n<div class=\"wp-block-group is-layout-constrained wp-container-core-group-is-layout-0c8748fe wp-block-group-is-layout-constrained\" style=\"border-radius:0px;border-bottom-color:#d1d1d1;border-bottom-width:1px;padding-top:20px;padding-right:0px;padding-bottom:20px;padding-left:0px\">\n<p class=\"has-text-align-left has-large-font-size\" style=\"margin-bottom:var(--wp--preset--spacing--40);font-style:normal;font-weight:500\">Osoby zrzeszone proszone s\u0105 o godn\u0105 reprezentacj\u0119 barw SKJ Beckersport<\/p>\n\n\n\n<div class=\"wp-block-group is-nowrap is-layout-flex wp-container-core-group-is-layout-93392cf4 wp-block-group-is-layout-flex\" style=\"margin-top:var(--wp--preset--spacing--10);margin-bottom:var(--wp--preset--spacing--10)\">\n<figure class=\"wp-block-image size-full is-resized wp-duotone-a78e44-a78e44-4\" style=\"margin-right:var(--wp--preset--spacing--40)\"><img decoding=\"async\" src=\"https:\/\/becker-sport.pl\/wp-content\/themes\/gutentools\/assets\/images\/checkmark.png\" alt=\"\" class=\"wp-image-89\" style=\"width:30px\"\/><\/figure>\n\n\n\n<p style=\"margin-top:0;margin-bottom:0;padding-top:0;padding-bottom:0\">start\u00f3w w czapraku klubowym ***<\/p>\n<\/div>\n\n\n\n<div class=\"wp-block-group is-nowrap is-layout-flex wp-container-core-group-is-layout-93392cf4 wp-block-group-is-layout-flex\" style=\"margin-top:var(--wp--preset--spacing--10);margin-bottom:var(--wp--preset--spacing--10)\">\n<figure class=\"wp-block-image size-full is-resized wp-duotone-a78e44-a78e44-5\" style=\"margin-right:var(--wp--preset--spacing--40)\"><img decoding=\"async\" src=\"https:\/\/becker-sport.pl\/wp-content\/themes\/gutentools\/assets\/images\/checkmark.png\" alt=\"\" class=\"wp-image-89\" style=\"width:30px\"\/><\/figure>\n\n\n\n<p style=\"margin-top:0;margin-bottom:0;padding-top:0;padding-bottom:0\">zawieszenia p\u0142achty klubowej na boksie na zawodach ***<\/p>\n<\/div>\n\n\n\n<div class=\"wp-block-group is-nowrap is-layout-flex wp-container-core-group-is-layout-93392cf4 wp-block-group-is-layout-flex\" style=\"margin-top:var(--wp--preset--spacing--10);margin-bottom:var(--wp--preset--spacing--10)\">\n<figure class=\"wp-block-image size-full is-resized wp-duotone-a78e44-a78e44-6\" style=\"margin-right:var(--wp--preset--spacing--40)\"><img decoding=\"async\" src=\"https:\/\/becker-sport.pl\/wp-content\/themes\/gutentools\/assets\/images\/checkmark.png\" alt=\"\" class=\"wp-image-89\" style=\"width:30px\"\/><\/figure>\n\n\n\n<p style=\"margin-top:0;margin-bottom:0;padding-top:0;padding-bottom:0\">reprezentacji klubu w ubraniach klubowych ***<\/p>\n<\/div>\n\n\n\n<div class=\"wp-block-group is-nowrap is-layout-flex wp-container-core-group-is-layout-93392cf4 wp-block-group-is-layout-flex\" style=\"margin-top:var(--wp--preset--spacing--10);margin-bottom:var(--wp--preset--spacing--10)\">\n<figure class=\"wp-block-image size-full is-resized wp-duotone-a78e44-a78e44-7\" style=\"margin-right:var(--wp--preset--spacing--40)\"><img decoding=\"async\" src=\"https:\/\/becker-sport.pl\/wp-content\/themes\/gutentools\/assets\/images\/checkmark.png\" alt=\"\" class=\"wp-image-89\" style=\"width:30px\"\/><\/figure>\n\n\n\n<p style=\"margin-top:0;margin-bottom:0;padding-top:0;padding-bottom:0\">przesy\u0142ania zdj\u0119\u0107 i&nbsp;relacji z zawod\u00f3w wraz opisem,<\/p>\n<\/div>\n\n\n\n<div class=\"wp-block-group is-nowrap is-layout-flex wp-container-core-group-is-layout-93392cf4 wp-block-group-is-layout-flex\" style=\"margin-top:var(--wp--preset--spacing--10);margin-bottom:var(--wp--preset--spacing--10)\">\n<figure class=\"wp-block-image size-full is-resized wp-duotone-a78e44-a78e44-8\" style=\"margin-right:var(--wp--preset--spacing--40)\"><img decoding=\"async\" src=\"https:\/\/becker-sport.pl\/wp-content\/themes\/gutentools\/assets\/images\/checkmark.png\" alt=\"\" class=\"wp-image-89\" style=\"width:30px\"\/><\/figure>\n\n\n\n<p style=\"margin-top:0;margin-bottom:0;padding-top:0;padding-bottom:0\">przes\u0142ania zdj\u0119cia do wstawienia na stron\u0119 klubu.<\/p>\n<\/div>\n\n\n\n<p class=\"has-text-align-left\" style=\"margin-top:var(--wp--preset--spacing--40)\">*** wszystkie produkty mo\u017cna zakupi\u0107 w klubie<\/p>\n<\/div>\n<\/div>\n<\/div>\n<\/div>\n\n\n\n<h2 class=\"wp-block-heading has-text-align-center\" id=\"wnioski-licencje\" style=\"margin-top:0;margin-bottom:0\">Wnioski i licencje<\/h2>\n\n\n\n<hr class=\"wp-block-separator has-alpha-channel-opacity\" style=\"margin-bottom:var(--wp--preset--spacing--40)\"\/>\n\n\n\n<div style=\"height:20px\" aria-hidden=\"true\" class=\"wp-block-spacer\"><\/div>\n\n\n\n<p class=\"has-text-align-left has-large-font-size\" style=\"margin-bottom:var(--wp--preset--spacing--40);padding-right:var(--wp--preset--spacing--60);padding-left:var(--wp--preset--spacing--60);font-style:normal;font-weight:500\">WMZJ<\/p>\n\n\n\n<div class=\"wp-block-group is-content-justification-left is-layout-flex wp-container-core-group-is-layout-ed7c29b7 wp-block-group-is-layout-flex\" style=\"margin-top:var(--wp--preset--spacing--10);margin-bottom:var(--wp--preset--spacing--10);padding-top:0;padding-bottom:0px\">\n<p style=\"margin-right:var(--wp--preset--spacing--40)\">WMZJ Wniosek licencyjny zawodnika<\/p>\n\n\n\n<div class=\"wp-block-buttons is-layout-flex wp-block-buttons-is-layout-flex\">\n<div class=\"wp-block-button\"><a class=\"wp-block-button__link wp-element-button\" href=\"https:\/\/becker-sport.pl\/wp-content\/uploads\/2025\/07\/WMZJ-Wniosek-licencyjny-zawodnika.pdf\">Pobierz<\/a><\/div>\n<\/div>\n<\/div>\n\n\n\n<div class=\"wp-block-group is-content-justification-left is-layout-flex wp-container-core-group-is-layout-c14dde9e wp-block-group-is-layout-flex\" style=\"margin-top:var(--wp--preset--spacing--10);margin-bottom:var(--wp--preset--spacing--10);padding-top:var(--wp--preset--spacing--40);padding-bottom:0px\">\n<p style=\"margin-right:var(--wp--preset--spacing--40)\">WMZJ Wniosek o zmian\u0119 barw klubowych<\/p>\n\n\n\n<div class=\"wp-block-buttons is-layout-flex wp-block-buttons-is-layout-flex\">\n<div class=\"wp-block-button\"><a class=\"wp-block-button__link wp-element-button\" href=\"https:\/\/becker-sport.pl\/wp-content\/uploads\/2025\/07\/WMZJ-Wniosek-o-zmiane-barw-klubowych.pdf\">Pobierz<\/a><\/div>\n<\/div>\n<\/div>\n\n\n\n<div class=\"wp-block-group is-content-justification-left is-layout-flex wp-container-core-group-is-layout-c14dde9e wp-block-group-is-layout-flex\" style=\"margin-top:var(--wp--preset--spacing--10);margin-bottom:var(--wp--preset--spacing--10);padding-top:var(--wp--preset--spacing--40);padding-bottom:0px\">\n<p style=\"margin-top:0;margin-right:var(--wp--preset--spacing--40)\">WMZJ Zg\u0142oszenie zawodnika do rejestracji<\/p>\n\n\n\n<div class=\"wp-block-buttons is-layout-flex wp-block-buttons-is-layout-flex\">\n<div class=\"wp-block-button\"><a class=\"wp-block-button__link wp-element-button\" href=\"https:\/\/becker-sport.pl\/wp-content\/uploads\/2025\/07\/WMZJ-Zgloszenie-zawodnika-do-rejestracji.pdf\">Pobierz<\/a><\/div>\n<\/div>\n<\/div>\n\n\n\n<p style=\"margin-top:var(--wp--preset--spacing--50);margin-right:0;margin-bottom:var(--wp--preset--spacing--70);margin-left:0;padding-right:var(--wp--preset--spacing--60);padding-left:var(--wp--preset--spacing--60)\">Po wype\u0142nieniu wniosku, nale\u017cy przes\u0142a\u0107 go do nas na adres:&nbsp;<a href=\"mailto:mb@becker-sport.pl\">mb@becker-sport.pl<\/a><\/p>\n\n\n\n<p class=\"has-text-align-left has-large-font-size\" style=\"margin-bottom:var(--wp--preset--spacing--40);padding-right:var(--wp--preset--spacing--60);padding-left:var(--wp--preset--spacing--60);font-style:normal;font-weight:500\">PZJ<\/p>\n\n\n\n<div class=\"wp-block-group is-content-justification-left is-layout-flex wp-container-core-group-is-layout-9ac0d7ea wp-block-group-is-layout-flex\" style=\"margin-top:var(--wp--preset--spacing--10);margin-bottom:var(--wp--preset--spacing--10);padding-top:0;padding-bottom:var(--wp--preset--spacing--70)\">\n<p style=\"margin-right:var(--wp--preset--spacing--40)\">PZJ Licencje i rejestracje<\/p>\n\n\n\n<div class=\"wp-block-buttons is-layout-flex wp-block-buttons-is-layout-flex\">\n<div class=\"wp-block-button\"><a class=\"wp-block-button__link wp-element-button\" href=\"https:\/\/pzj.pl\/sport\/licencje-i-rejestracje\/\" style=\"text-transform:none\">Licencje online<\/a><\/div>\n<\/div>\n<\/div>\n","protected":false},"excerpt":{"rendered":"<p>SKJ Becker Sport Do\u0142\u0105cz do Spo\u0142eczno\u015bci Becker Sport Equestrian Center i rozwijaj swoj\u0105 je\u017adzieck\u0105 pasj\u0119 w profesjonalnym, wspieraj\u0105cym \u015brodowisku. Cz\u0142onkostwo [&hellip;]<\/p>\n","protected":false},"author":1,"featured_media":0,"parent":0,"menu_order":0,"comment_status":"closed","ping_status":"closed","template":"","meta":{"site-sidebar-layout":"default","site-content-layout":"","ast-site-content-layout":"default","site-content-style":"default","site-sidebar-style":"default","ast-global-header-display":"","ast-banner-title-visibility":"","ast-main-header-display":"","ast-hfb-above-header-display":"","ast-hfb-below-header-display":"","ast-hfb-mobile-header-display":"","site-post-title":"disabled","ast-breadcrumbs-content":"","ast-featured-img":"","footer-sml-layout":"","ast-disable-related-posts":"","theme-transparent-header-meta":"","adv-header-id-meta":"","stick-header-meta":"","header-above-stick-meta":"","header-main-stick-meta":"","header-below-stick-meta":"","astra-migrate-meta-layouts":"default","ast-page-background-enabled":"default","ast-page-background-meta":{"desktop":{"background-color":"var(--ast-global-color-5)","background-image":"","background-repeat":"repeat","background-position":"center center","background-size":"auto","background-attachment":"scroll","background-type":"","background-media":"","overlay-type":"","overlay-color":"","overlay-opacity":"","overlay-gradient":""},"tablet":{"background-color":"","background-image":"","background-repeat":"repeat","background-position":"center center","background-size":"auto","background-attachment":"scroll","background-type":"","background-media":"","overlay-type":"","overlay-color":"","overlay-opacity":"","overlay-gradient":""},"mobile":{"background-color":"","background-image":"","background-repeat":"repeat","background-position":"center center","background-size":"auto","background-attachment":"scroll","background-type":"","background-media":"","overlay-type":"","overlay-color":"","overlay-opacity":"","overlay-gradient":""}},"ast-content-background-meta":{"desktop":{"background-color":"var(--ast-global-color-4)","background-image":"","background-repeat":"repeat","background-position":"center center","background-size":"auto","background-attachment":"scroll","background-type":"","background-media":"","overlay-type":"","overlay-color":"","overlay-opacity":"","overlay-gradient":""},"tablet":{"background-color":"var(--ast-global-color-4)","background-image":"","background-repeat":"repeat","background-position":"center center","background-size":"auto","background-attachment":"scroll","background-type":"","background-media":"","overlay-type":"","overlay-color":"","overlay-opacity":"","overlay-gradient":""},"mobile":{"background-color":"var(--ast-global-color-4)","background-image":"","background-repeat":"repeat","background-position":"center center","background-size":"auto","background-attachment":"scroll","background-type":"","background-media":"","overlay-type":"","overlay-color":"","overlay-opacity":"","overlay-gradient":""}},"footnotes":""},"class_list":["post-604","page","type-page","status-publish","hentry"],"_links":{"self":[{"href":"https:\/\/becker-sport.pl\/index.php\/wp-json\/wp\/v2\/pages\/604","targetHints":{"allow":["GET"]}}],"collection":[{"href":"https:\/\/becker-sport.pl\/index.php\/wp-json\/wp\/v2\/pages"}],"about":[{"href":"https:\/\/becker-sport.pl\/index.php\/wp-json\/wp\/v2\/types\/page"}],"author":[{"embeddable":true,"href":"https:\/\/becker-sport.pl\/index.php\/wp-json\/wp\/v2\/users\/1"}],"replies":[{"embeddable":true,"href":"https:\/\/becker-sport.pl\/index.php\/wp-json\/wp\/v2\/comments?post=604"}],"version-history":[{"count":55,"href":"https:\/\/becker-sport.pl\/index.php\/wp-json\/wp\/v2\/pages\/604\/revisions"}],"predecessor-version":[{"id":4139,"href":"https:\/\/becker-sport.pl\/index.php\/wp-json\/wp\/v2\/pages\/604\/revisions\/4139"}],"wp:attachment":[{"href":"https:\/\/becker-sport.pl\/index.php\/wp-json\/wp\/v2\/media?parent=604"}],"curies":[{"name":"wp","href":"https:\/\/api.w.org\/{rel}","templated":true}]}}