{"id":4557,"date":"2025-12-17T14:07:09","date_gmt":"2025-12-17T13:07:09","guid":{"rendered":"https:\/\/becker-sport.pl\/?page_id=4557"},"modified":"2025-12-17T14:07:09","modified_gmt":"2025-12-17T13:07:09","slug":"trening-koni","status":"publish","type":"page","link":"https:\/\/becker-sport.pl\/index.php\/trening-koni\/","title":{"rendered":"Trening koni"},"content":{"rendered":"\n<div class=\"wp-block-cover alignfull is-light hoverImageWrapper\" style=\"margin-top:0;margin-bottom:0;min-height:200px;aspect-ratio:unset;\"><img loading=\"lazy\" decoding=\"async\" width=\"1350\" height=\"900\" class=\"wp-block-cover__image-background wp-image-2414 size-full\" alt=\"\" src=\"https:\/\/becker-sport.pl\/wp-content\/uploads\/2025\/10\/Ferrari-1.jpg\" style=\"object-position:50% 12%\" data-object-fit=\"cover\" data-object-position=\"50% 12%\" srcset=\"https:\/\/becker-sport.pl\/wp-content\/uploads\/2025\/10\/Ferrari-1.jpg 1350w, https:\/\/becker-sport.pl\/wp-content\/uploads\/2025\/10\/Ferrari-1-300x200.jpg 300w, https:\/\/becker-sport.pl\/wp-content\/uploads\/2025\/10\/Ferrari-1-1024x683.jpg 1024w, https:\/\/becker-sport.pl\/wp-content\/uploads\/2025\/10\/Ferrari-1-768x512.jpg 768w, https:\/\/becker-sport.pl\/wp-content\/uploads\/2025\/10\/Ferrari-1-100x67.jpg 100w\" sizes=\"auto, (max-width: 1350px) 100vw, 1350px\" \/><span aria-hidden=\"true\" class=\"wp-block-cover__background has-black-background-color has-background-dim-20 has-background-dim\"><\/span><div class=\"wp-block-cover__inner-container is-layout-constrained wp-block-cover-is-layout-constrained\">\n<h1 class=\"wp-block-heading has-text-align-center has-white-color has-text-color has-link-color wp-elements-b94af7219ef640f5fe99ef0b8ed11250\" style=\"font-size:64px\">Trening koni<\/h1>\n<\/div><\/div>\n\n\n\n<div class=\"wp-block-group is-layout-constrained wp-container-core-group-is-layout-e65b8390 wp-block-group-is-layout-constrained\" style=\"margin-top:0;margin-bottom:0;padding-top:70px;padding-right:20px;padding-bottom:50px;padding-left:20px\">\n<div class=\"wp-block-group is-content-justification-space-between is-layout-flex wp-container-core-group-is-layout-96dab32c wp-block-group-is-layout-flex\" style=\"margin-top:0;margin-bottom:0;padding-right:var(--wp--preset--spacing--40);padding-bottom:50px;padding-left:var(--wp--preset--spacing--40)\">\n<h2 class=\"wp-block-heading wp-container-content-432d1f4f\">Profesjonalne podej\u015bcie. Spokojne metody. Realne efekty.<\/h2>\n\n\n\n<p class=\"wp-container-content-6511ad4a\">W Becker Sport Equestrian Center oferujemy profesjonalny trening koni na najwy\u017cszym poziomie. Nasze do\u015bwiadczenie, indywidualne podej\u015bcie do ka\u017cdego zwierz\u0119cia oraz nowoczesne metody pracy sprawiaj\u0105, \u017ce Tw\u00f3j ko\u0144 osi\u0105gnie pe\u0142en potencja\u0142 w komfortowych i bezpiecznych warunkach.<\/p>\n<\/div>\n\n\n\n<div class=\"wp-block-columns is-layout-flex wp-container-core-columns-is-layout-08c01c1c wp-block-columns-is-layout-flex\">\n<div class=\"wp-block-column is-vertically-aligned-center is-layout-flow wp-block-column-is-layout-flow\" style=\"padding-right:var(--wp--preset--spacing--40);padding-left:var(--wp--preset--spacing--40)\">\n<p class=\"has-text-align-left has-large-font-size\" style=\"margin-bottom:var(--wp--preset--spacing--40);font-style:normal;font-weight:500\">W czym mo\u017cemy pom\u00f3c?<\/p>\n\n\n\n<div class=\"wp-block-group is-layout-constrained wp-container-core-group-is-layout-0c8748fe wp-block-group-is-layout-constrained\" style=\"border-radius:0px;border-bottom-color:#d1d1d1;border-bottom-width:1px;padding-top:20px;padding-right:0px;padding-bottom:20px;padding-left:0px\">\n<p class=\"has-text-align-left has-medium-font-size\" style=\"margin-bottom:var(--wp--preset--spacing--40);font-style:normal;font-weight:500\">Przygotowanie m\u0142odych koni do pracy<\/p>\n\n\n\n<p class=\"has-text-align-left\">Pierwsze siod\u0142anie, lon\u017cowanie, budowanie podstaw pos\u0142usze\u0144stwa i zaufania. Pracujemy spokojnie, etapami, tak aby ko\u0144 wchodzi\u0142 w \u015bwiat je\u017adziectwa bez stresu.<\/p>\n<\/div>\n\n\n\n<div class=\"wp-block-group is-layout-constrained wp-container-core-group-is-layout-0c8748fe wp-block-group-is-layout-constrained\" style=\"border-radius:0px;border-bottom-color:#d1d1d1;border-bottom-width:1px;padding-top:20px;padding-right:0px;padding-bottom:20px;padding-left:0px\">\n<p class=\"has-text-align-left has-medium-font-size\" style=\"margin-bottom:var(--wp--preset--spacing--40);font-style:normal;font-weight:500\">Jazda i trening doszkalaj\u0105cy<\/p>\n\n\n\n<p class=\"has-text-align-left\">Poprawa r\u00f3wnowagi, rytmu, reakcji na pomoce, praca nad mi\u0119\u015bniami i kondycj\u0105. Idealne dla koni sportowych i rekreacyjnych.<\/p>\n<\/div>\n\n\n\n<div class=\"wp-block-group is-layout-constrained wp-container-core-group-is-layout-0c8748fe wp-block-group-is-layout-constrained\" style=\"border-radius:0px;border-bottom-color:#d1d1d1;border-bottom-width:1px;padding-top:20px;padding-right:0px;padding-bottom:20px;padding-left:0px\">\n<p class=\"has-text-align-left has-medium-font-size\" style=\"margin-bottom:var(--wp--preset--spacing--40);font-style:normal;font-weight:500\">Korekta trudnych zachowa\u0144<\/p>\n\n\n\n<p class=\"has-text-align-left\">Nauka szacunku i zasad wsp\u00f3\u0142pracy, eliminowanie problem\u00f3w takich jak niech\u0119\u0107 do siod\u0142ania, narowisto\u015b\u0107, brak reakcji na pomoce czy stres podczas pracy.<\/p>\n<\/div>\n\n\n\n<div class=\"wp-block-group is-layout-constrained wp-container-core-group-is-layout-0c8748fe wp-block-group-is-layout-constrained\" style=\"border-radius:0px;border-bottom-color:#d1d1d1;border-bottom-width:1px;padding-top:20px;padding-right:0px;padding-bottom:20px;padding-left:0px\">\n<p class=\"has-text-align-left has-medium-font-size\" style=\"margin-bottom:var(--wp--preset--spacing--40);font-style:normal;font-weight:500\">Przygotowanie do zawod\u00f3w<\/p>\n\n\n\n<p class=\"has-text-align-left\">Budowanie formy, praca nad precyzj\u0105 ruchu i koncentracj\u0105, plan treningowy dopasowany pod konkretn\u0105 dyscyplin\u0119 oraz cele je\u017ad\u017aca.<\/p>\n<\/div>\n<\/div>\n\n\n\n<div class=\"wp-block-column is-layout-flow wp-block-column-is-layout-flow\" style=\"padding-right:var(--wp--preset--spacing--60);padding-left:var(--wp--preset--spacing--60);flex-basis:50%\">\n<div class=\"wp-block-cover is-light hoverImageWrapper\" style=\"border-radius:15px;min-height:950px;aspect-ratio:unset;\"><img loading=\"lazy\" decoding=\"async\" width=\"1024\" height=\"683\" class=\"wp-block-cover__image-background wp-image-4566 size-full\" alt=\"\" src=\"https:\/\/becker-sport.pl\/wp-content\/uploads\/2025\/12\/WhatsApp-Image-2025-12-16-at-16.10.07.jpeg\" style=\"object-position:55% 50%\" data-object-fit=\"cover\" data-object-position=\"55% 50%\" srcset=\"https:\/\/becker-sport.pl\/wp-content\/uploads\/2025\/12\/WhatsApp-Image-2025-12-16-at-16.10.07.jpeg 1024w, https:\/\/becker-sport.pl\/wp-content\/uploads\/2025\/12\/WhatsApp-Image-2025-12-16-at-16.10.07-300x200.jpeg 300w, https:\/\/becker-sport.pl\/wp-content\/uploads\/2025\/12\/WhatsApp-Image-2025-12-16-at-16.10.07-768x512.jpeg 768w, https:\/\/becker-sport.pl\/wp-content\/uploads\/2025\/12\/WhatsApp-Image-2025-12-16-at-16.10.07-100x67.jpeg 100w\" sizes=\"auto, (max-width: 1024px) 100vw, 1024px\" \/><span aria-hidden=\"true\" class=\"wp-block-cover__background has-background-dim-0 has-background-dim\"><\/span><div class=\"wp-block-cover__inner-container is-layout-constrained wp-block-cover-is-layout-constrained\">\n<p class=\"has-text-align-center has-large-font-size\" style=\"margin-top:0;margin-right:0;margin-bottom:0;margin-left:0\"><\/p>\n<\/div><\/div>\n<\/div>\n<\/div>\n<\/div>\n\n\n\n<h2 class=\"wp-block-heading has-text-align-center\" style=\"margin-top:var(--wp--preset--spacing--30);margin-bottom:var(--wp--preset--spacing--10)\">Dlaczego w\u0142a\u015bnie my?<\/h2>\n\n\n\n<hr class=\"wp-block-separator has-alpha-channel-opacity\" style=\"margin-bottom:var(--wp--preset--spacing--40)\"\/>\n\n\n\n<div class=\"wp-block-columns is-layout-flex wp-container-core-columns-is-layout-28f84493 wp-block-columns-is-layout-flex\">\n<div class=\"wp-block-column is-layout-flow wp-block-column-is-layout-flow\">\n<h2 class=\"wp-block-heading has-text-align-center has-medium-font-size\">Indywidualne programy treningowe<\/h2>\n\n\n\n<p class=\"has-text-align-center\">Ka\u017cdy ko\u0144 otrzymuje plan dopasowany do charakteru, wieku i cel\u00f3w.<\/p>\n<\/div>\n\n\n\n<div class=\"wp-block-column is-layout-flow wp-block-column-is-layout-flow\">\n<h2 class=\"wp-block-heading has-text-align-center has-medium-font-size\">Do\u015bwiadczenie i wszechstronno\u015b\u0107<\/h2>\n\n\n\n<p class=\"has-text-align-center\">Pracujemy z ko\u0144mi m\u0142odymi, sportowymi i po trudnych do\u015bwiadczeniach.<\/p>\n<\/div>\n\n\n\n<div class=\"wp-block-column is-layout-flow wp-block-column-is-layout-flow\">\n<h2 class=\"wp-block-heading has-text-align-center has-medium-font-size\">Rozw\u00f3j fizyczny i psychiczny konia<\/h2>\n\n\n\n<p class=\"has-text-align-center\">Nie tylko uczymy nowych umiej\u0119tno\u015bci, ale dbamy o kondycj\u0119, r\u00f3wnowag\u0119 i pewno\u015b\u0107 siebie konia.<\/p>\n<\/div>\n<\/div>\n\n\n\n<div class=\"wp-block-cover alignfull is-light wow animate__animated animate__fadeIn\" style=\"margin-top:0;margin-bottom:0;padding-top:70px;padding-right:20px;padding-bottom:70px;padding-left:20px;min-height:400px;aspect-ratio:unset;\"><img loading=\"lazy\" decoding=\"async\" width=\"1024\" height=\"683\" class=\"wp-block-cover__image-background wp-image-4562 size-large\" alt=\"\" src=\"https:\/\/becker-sport.pl\/wp-content\/uploads\/2025\/12\/90e8ecbb-2251-4391-8405-ee75ab3a15d5-1024x683.jpg\" style=\"object-position:50% 20%\" data-object-fit=\"cover\" data-object-position=\"50% 20%\" srcset=\"https:\/\/becker-sport.pl\/wp-content\/uploads\/2025\/12\/90e8ecbb-2251-4391-8405-ee75ab3a15d5-1024x683.jpg 1024w, https:\/\/becker-sport.pl\/wp-content\/uploads\/2025\/12\/90e8ecbb-2251-4391-8405-ee75ab3a15d5-300x200.jpg 300w, https:\/\/becker-sport.pl\/wp-content\/uploads\/2025\/12\/90e8ecbb-2251-4391-8405-ee75ab3a15d5-768x512.jpg 768w, https:\/\/becker-sport.pl\/wp-content\/uploads\/2025\/12\/90e8ecbb-2251-4391-8405-ee75ab3a15d5-100x67.jpg 100w, https:\/\/becker-sport.pl\/wp-content\/uploads\/2025\/12\/90e8ecbb-2251-4391-8405-ee75ab3a15d5-1536x1024.jpg 1536w, https:\/\/becker-sport.pl\/wp-content\/uploads\/2025\/12\/90e8ecbb-2251-4391-8405-ee75ab3a15d5.jpg 1599w\" sizes=\"auto, (max-width: 1024px) 100vw, 1024px\" \/><span aria-hidden=\"true\" class=\"wp-block-cover__background has-black-background-color has-background-dim-30 has-background-dim\"><\/span><div class=\"wp-block-cover__inner-container is-layout-constrained wp-container-core-cover-is-layout-69397cae wp-block-cover-is-layout-constrained\">\n<h2 class=\"wp-block-heading has-text-align-center has-ast-global-color-4-color has-text-color has-link-color wp-elements-1a86e841aacd5a76926c53e05c4e5089\" style=\"line-height:1.2;text-transform:none\">Zadbaj o rozw\u00f3j swojego konia<\/h2>\n\n\n\n<p class=\"has-text-align-center banner-subdescription has-ast-global-color-4-color has-text-color has-link-color has-medium-font-size wp-elements-272aea75951026aedb9f9cd825256490\" style=\"padding-top:15px;padding-right:10%;padding-bottom:20px;padding-left:10%\">Skontaktuj si\u0119 z nami i um\u00f3w konsultacj\u0119. Razem ustalimy najkorzystniejszy plan treningowy, dzi\u0119ki kt\u00f3remu Tw\u00f3j ko\u0144 rozwinie skrzyd\u0142a &#8211; spokojnie, bez presji i z pe\u0142nym zrozumieniem jego potrzeb.<\/p>\n\n\n\n<div class=\"wp-block-buttons is-content-justification-center is-layout-flex wp-container-core-buttons-is-layout-a89b3969 wp-block-buttons-is-layout-flex\">\n<div class=\"wp-block-button\"><a class=\"wp-block-button__link wp-element-button\" href=\"tel:+48600747544\">Zadzwo\u0144<\/a><\/div>\n\n\n\n<div class=\"wp-block-button\"><a class=\"wp-block-button__link wp-element-button\" href=\"sms:+48600747544\">Napisz<\/a><\/div>\n<\/div>\n<\/div><\/div>\n","protected":false},"excerpt":{"rendered":"<p>Profesjonalne podej\u015bcie. Spokojne metody. Realne efekty. W Becker Sport Equestrian Center oferujemy profesjonalny trening koni na najwy\u017cszym poziomie. Nasze do\u015bwiadczenie, [&hellip;]<\/p>\n","protected":false},"author":1,"featured_media":0,"parent":0,"menu_order":0,"comment_status":"closed","ping_status":"closed","template":"","meta":{"site-sidebar-layout":"default","site-content-layout":"","ast-site-content-layout":"default","site-content-style":"default","site-sidebar-style":"default","ast-global-header-display":"","ast-banner-title-visibility":"","ast-main-header-display":"","ast-hfb-above-header-display":"","ast-hfb-below-header-display":"","ast-hfb-mobile-header-display":"","site-post-title":"disabled","ast-breadcrumbs-content":"","ast-featured-img":"","footer-sml-layout":"","ast-disable-related-posts":"","theme-transparent-header-meta":"","adv-header-id-meta":"","stick-header-meta":"","header-above-stick-meta":"","header-main-stick-meta":"","header-below-stick-meta":"","astra-migrate-meta-layouts":"default","ast-page-background-enabled":"default","ast-page-background-meta":{"desktop":{"background-color":"var(--ast-global-color-5)","background-image":"","background-repeat":"repeat","background-position":"center center","background-size":"auto","background-attachment":"scroll","background-type":"","background-media":"","overlay-type":"","overlay-color":"","overlay-opacity":"","overlay-gradient":""},"tablet":{"background-color":"","background-image":"","background-repeat":"repeat","background-position":"center center","background-size":"auto","background-attachment":"scroll","background-type":"","background-media":"","overlay-type":"","overlay-color":"","overlay-opacity":"","overlay-gradient":""},"mobile":{"background-color":"","background-image":"","background-repeat":"repeat","background-position":"center center","background-size":"auto","background-attachment":"scroll","background-type":"","background-media":"","overlay-type":"","overlay-color":"","overlay-opacity":"","overlay-gradient":""}},"ast-content-background-meta":{"desktop":{"background-color":"var(--ast-global-color-4)","background-image":"","background-repeat":"repeat","background-position":"center center","background-size":"auto","background-attachment":"scroll","background-type":"","background-media":"","overlay-type":"","overlay-color":"","overlay-opacity":"","overlay-gradient":""},"tablet":{"background-color":"var(--ast-global-color-4)","background-image":"","background-repeat":"repeat","background-position":"center center","background-size":"auto","background-attachment":"scroll","background-type":"","background-media":"","overlay-type":"","overlay-color":"","overlay-opacity":"","overlay-gradient":""},"mobile":{"background-color":"var(--ast-global-color-4)","background-image":"","background-repeat":"repeat","background-position":"center center","background-size":"auto","background-attachment":"scroll","background-type":"","background-media":"","overlay-type":"","overlay-color":"","overlay-opacity":"","overlay-gradient":""}},"footnotes":""},"class_list":["post-4557","page","type-page","status-publish","hentry"],"_links":{"self":[{"href":"https:\/\/becker-sport.pl\/index.php\/wp-json\/wp\/v2\/pages\/4557","targetHints":{"allow":["GET"]}}],"collection":[{"href":"https:\/\/becker-sport.pl\/index.php\/wp-json\/wp\/v2\/pages"}],"about":[{"href":"https:\/\/becker-sport.pl\/index.php\/wp-json\/wp\/v2\/types\/page"}],"author":[{"embeddable":true,"href":"https:\/\/becker-sport.pl\/index.php\/wp-json\/wp\/v2\/users\/1"}],"replies":[{"embeddable":true,"href":"https:\/\/becker-sport.pl\/index.php\/wp-json\/wp\/v2\/comments?post=4557"}],"version-history":[{"count":8,"href":"https:\/\/becker-sport.pl\/index.php\/wp-json\/wp\/v2\/pages\/4557\/revisions"}],"predecessor-version":[{"id":4568,"href":"https:\/\/becker-sport.pl\/index.php\/wp-json\/wp\/v2\/pages\/4557\/revisions\/4568"}],"wp:attachment":[{"href":"https:\/\/becker-sport.pl\/index.php\/wp-json\/wp\/v2\/media?parent=4557"}],"curies":[{"name":"wp","href":"https:\/\/api.w.org\/{rel}","templated":true}]}}