{"id":4498,"date":"2025-12-05T14:15:58","date_gmt":"2025-12-05T13:15:58","guid":{"rendered":"https:\/\/becker-sport.pl\/?page_id=4498"},"modified":"2025-12-05T14:24:18","modified_gmt":"2025-12-05T13:24:18","slug":"sprzedaz-koni","status":"publish","type":"page","link":"https:\/\/becker-sport.pl\/index.php\/sprzedaz-koni\/","title":{"rendered":"Sprzeda\u017c koni"},"content":{"rendered":"\n<div class=\"wp-block-cover alignfull is-light hoverImageWrapper\" style=\"margin-top:0;margin-bottom:0;min-height:200px;aspect-ratio:unset;\"><img loading=\"lazy\" decoding=\"async\" width=\"1350\" height=\"900\" class=\"wp-block-cover__image-background wp-image-2399 size-full\" alt=\"\" src=\"https:\/\/becker-sport.pl\/wp-content\/uploads\/2025\/10\/Baby.jpg\" style=\"object-position:50% 20%\" data-object-fit=\"cover\" data-object-position=\"50% 20%\" srcset=\"https:\/\/becker-sport.pl\/wp-content\/uploads\/2025\/10\/Baby.jpg 1350w, https:\/\/becker-sport.pl\/wp-content\/uploads\/2025\/10\/Baby-300x200.jpg 300w, https:\/\/becker-sport.pl\/wp-content\/uploads\/2025\/10\/Baby-1024x683.jpg 1024w, https:\/\/becker-sport.pl\/wp-content\/uploads\/2025\/10\/Baby-768x512.jpg 768w, https:\/\/becker-sport.pl\/wp-content\/uploads\/2025\/10\/Baby-100x67.jpg 100w\" sizes=\"auto, (max-width: 1350px) 100vw, 1350px\" \/><span aria-hidden=\"true\" class=\"wp-block-cover__background has-black-background-color has-background-dim-30 has-background-dim\"><\/span><div class=\"wp-block-cover__inner-container is-layout-constrained wp-block-cover-is-layout-constrained\">\n<h1 class=\"wp-block-heading has-text-align-center has-white-color has-text-color has-link-color wp-elements-3470a84dbfd9d5ad34a7bb909096c8d0\" style=\"font-size:64px\">Sprzeda\u017c koni<\/h1>\n<\/div><\/div>\n\n\n\n<div class=\"wp-block-group is-layout-constrained wp-container-core-group-is-layout-e65b8390 wp-block-group-is-layout-constrained\" style=\"margin-top:0;margin-bottom:0;padding-top:70px;padding-right:20px;padding-bottom:50px;padding-left:20px\">\n<div class=\"wp-block-group is-content-justification-space-between is-layout-flex wp-container-core-group-is-layout-96dab32c wp-block-group-is-layout-flex\" style=\"margin-top:0;margin-bottom:0;padding-right:var(--wp--preset--spacing--40);padding-bottom:50px;padding-left:var(--wp--preset--spacing--40)\">\n<h2 class=\"wp-block-heading wp-container-content-432d1f4f\">Wybierz konia, z kt\u00f3rym ka\u017cdy dzie\u0144 w siodle b\u0119dzie przyjemno\u015bci\u0105.<\/h2>\n\n\n\n<p class=\"wp-container-content-6511ad4a\">Marzysz o koniu, z kt\u00f3rym stworzysz prawdziw\u0105 relacj\u0119 i osi\u0105gniesz wi\u0119cej, ni\u017c kiedykolwiek planowa\u0142e\u015b?<br>U nas znajdziesz konie, kt\u00f3re \u0142\u0105cz\u0105 w sobie jako\u015b\u0107, talent i wyj\u0105tkowy charakter. Ka\u017cdy z nich jest przygotowany tak, aby ju\u017c od pierwszego kontaktu dawa\u0107 rado\u015b\u0107 z jazdy i poczucie bezpiecze\u0144stwa.<\/p>\n<\/div>\n\n\n\n<div class=\"wp-block-columns is-layout-flex wp-container-core-columns-is-layout-08c01c1c wp-block-columns-is-layout-flex\">\n<div class=\"wp-block-column is-vertically-aligned-center is-layout-flow wp-block-column-is-layout-flow\" style=\"padding-right:var(--wp--preset--spacing--40);padding-left:var(--wp--preset--spacing--40)\">\n<p class=\"has-text-align-left has-large-font-size\" style=\"margin-bottom:var(--wp--preset--spacing--40);font-style:normal;font-weight:500\">Dlaczego nasi klienci wybieraj\u0105 w\u0142a\u015bnie nas?<\/p>\n\n\n\n<div class=\"wp-block-group is-layout-constrained wp-container-core-group-is-layout-0c8748fe wp-block-group-is-layout-constrained\" style=\"border-radius:0px;border-bottom-color:#d1d1d1;border-bottom-width:1px;padding-top:20px;padding-right:0px;padding-bottom:20px;padding-left:0px\">\n<p class=\"has-text-align-left has-medium-font-size\" style=\"margin-bottom:var(--wp--preset--spacing--40);font-style:normal;font-weight:500\">Konie starannie wyselekcjonowane<\/p>\n\n\n\n<p class=\"has-text-align-left\">W naszej stajni nie ma przypadkowych koni &#8211; wybieramy tylko te, kt\u00f3re wyr\u00f3\u017cniaj\u0105 si\u0119 predyspozycjami, eksterierem i temperamentem.<\/p>\n<\/div>\n\n\n\n<div class=\"wp-block-group is-layout-constrained wp-container-core-group-is-layout-0c8748fe wp-block-group-is-layout-constrained\" style=\"border-radius:0px;border-bottom-color:#d1d1d1;border-bottom-width:1px;padding-top:20px;padding-right:0px;padding-bottom:20px;padding-left:0px\">\n<p class=\"has-text-align-left has-medium-font-size\" style=\"margin-bottom:var(--wp--preset--spacing--40);font-style:normal;font-weight:500\">Pewno\u015b\u0107 zakupu<\/p>\n\n\n\n<p class=\"has-text-align-left\">Otrzymujesz pe\u0142n\u0105 dokumentacj\u0119, aktualne badania oraz uczciw\u0105 ocen\u0119 mo\u017cliwo\u015bci ka\u017cdego konia.<\/p>\n<\/div>\n\n\n\n<div class=\"wp-block-group is-layout-constrained wp-container-core-group-is-layout-0c8748fe wp-block-group-is-layout-constrained\" style=\"border-radius:0px;border-bottom-color:#d1d1d1;border-bottom-width:1px;padding-top:20px;padding-right:0px;padding-bottom:20px;padding-left:0px\">\n<p class=\"has-text-align-left has-medium-font-size\" style=\"margin-bottom:var(--wp--preset--spacing--40);font-style:normal;font-weight:500\">Mo\u017cliwo\u015b\u0107 test\u00f3w na miejscu<\/p>\n\n\n\n<p class=\"has-text-align-left\">Poznaj konia \u201ena \u017cywo\u201d, sprawd\u017a go pod siod\u0142em i zobacz, czy to Wasza wsp\u00f3lna energia.<\/p>\n<\/div>\n\n\n\n<div class=\"wp-block-group is-layout-constrained wp-container-core-group-is-layout-0c8748fe wp-block-group-is-layout-constrained\" style=\"border-radius:0px;border-bottom-color:#d1d1d1;border-bottom-width:1px;padding-top:20px;padding-right:0px;padding-bottom:20px;padding-left:0px\">\n<p class=\"has-text-align-left has-medium-font-size\" style=\"margin-bottom:var(--wp--preset--spacing--40);font-style:normal;font-weight:500\">Profesjonalne wsparcie ekspert\u00f3w<\/p>\n\n\n\n<p class=\"has-text-align-left\">Pomo\u017cemy dobra\u0107 konia idealnego do Twojego poziomu, ambicji i stylu jazdy.<\/p>\n<\/div>\n<\/div>\n\n\n\n<div class=\"wp-block-column is-layout-flow wp-block-column-is-layout-flow\" style=\"padding-right:var(--wp--preset--spacing--60);padding-left:var(--wp--preset--spacing--60);flex-basis:50%\">\n<div class=\"wp-block-cover is-light hoverImageWrapper\" style=\"border-radius:15px;min-height:950px;aspect-ratio:unset;\"><img loading=\"lazy\" decoding=\"async\" width=\"1024\" height=\"683\" class=\"wp-block-cover__image-background wp-image-2425 size-large\" alt=\"\" src=\"https:\/\/becker-sport.pl\/wp-content\/uploads\/2025\/10\/Otylia-1-1024x683.jpg\" style=\"object-position:20% 50%\" data-object-fit=\"cover\" data-object-position=\"20% 50%\" srcset=\"https:\/\/becker-sport.pl\/wp-content\/uploads\/2025\/10\/Otylia-1-1024x683.jpg 1024w, https:\/\/becker-sport.pl\/wp-content\/uploads\/2025\/10\/Otylia-1-300x200.jpg 300w, https:\/\/becker-sport.pl\/wp-content\/uploads\/2025\/10\/Otylia-1-768x512.jpg 768w, https:\/\/becker-sport.pl\/wp-content\/uploads\/2025\/10\/Otylia-1-100x67.jpg 100w, https:\/\/becker-sport.pl\/wp-content\/uploads\/2025\/10\/Otylia-1.jpg 1350w\" sizes=\"auto, (max-width: 1024px) 100vw, 1024px\" \/><span aria-hidden=\"true\" class=\"wp-block-cover__background has-background-dim-0 has-background-dim\"><\/span><div class=\"wp-block-cover__inner-container is-layout-constrained wp-block-cover-is-layout-constrained\">\n<p class=\"has-text-align-center has-large-font-size\" style=\"margin-top:0;margin-right:0;margin-bottom:0;margin-left:0\"><\/p>\n<\/div><\/div>\n<\/div>\n<\/div>\n<\/div>\n\n\n\n<h2 class=\"wp-block-heading has-text-align-center\" style=\"margin-top:var(--wp--preset--spacing--30);margin-bottom:var(--wp--preset--spacing--10)\">U nas znajdziesz konie, kt\u00f3re zachwycaj\u0105 mo\u017cliwo\u015bciami i charakterem<\/h2>\n\n\n\n<hr class=\"wp-block-separator has-alpha-channel-opacity\" style=\"margin-bottom:var(--wp--preset--spacing--40)\"\/>\n\n\n\n<div class=\"wp-block-columns is-layout-flex wp-container-core-columns-is-layout-28f84493 wp-block-columns-is-layout-flex\">\n<div class=\"wp-block-column is-layout-flow wp-block-column-is-layout-flow\">\n<h2 class=\"wp-block-heading has-text-align-center has-medium-font-size\">Konie sportowe<\/h2>\n\n\n\n<p class=\"has-text-align-center\">Dla je\u017ad\u017ac\u00f3w, kt\u00f3rzy chc\u0105 i\u015b\u0107 po wyniki, startowa\u0107 wy\u017cej i czu\u0107, \u017ce maj\u0105 partnera na medal.<\/p>\n<\/div>\n\n\n\n<div class=\"wp-block-column is-layout-flow wp-block-column-is-layout-flow\">\n<h2 class=\"wp-block-heading has-text-align-center has-medium-font-size\">Konie rekreacyjne<\/h2>\n\n\n\n<p class=\"has-text-align-center\">Spokojne, przewidywalne i bezpieczne, idealne dla os\u00f3b zaczynaj\u0105cych przygod\u0119 z je\u017adziectwem lub szukaj\u0105cych pewnego konia dla ca\u0142ej rodziny.<\/p>\n<\/div>\n\n\n\n<div class=\"wp-block-column is-layout-flow wp-block-column-is-layout-flow\">\n<h2 class=\"wp-block-heading has-text-align-center has-medium-font-size\">M\u0142ode talenty<\/h2>\n\n\n\n<p class=\"has-text-align-center\">Obiecuj\u0105ce, pe\u0142ne energii i potencja\u0142u, gotowe do dalszego szkolenia i budowania przysz\u0142ych sukces\u00f3w.<\/p>\n<\/div>\n<\/div>\n\n\n\n<div class=\"wp-block-cover alignfull wow animate__animated animate__fadeIn\" style=\"margin-top:0;margin-bottom:0;padding-top:70px;padding-right:20px;padding-bottom:70px;padding-left:20px;min-height:400px;aspect-ratio:unset;\"><img loading=\"lazy\" decoding=\"async\" width=\"1024\" height=\"683\" class=\"wp-block-cover__image-background wp-image-2410 size-large\" alt=\"\" src=\"https:\/\/becker-sport.pl\/wp-content\/uploads\/2025\/10\/Cukierek-1-1024x683.jpg\" data-object-fit=\"cover\" srcset=\"https:\/\/becker-sport.pl\/wp-content\/uploads\/2025\/10\/Cukierek-1-1024x683.jpg 1024w, https:\/\/becker-sport.pl\/wp-content\/uploads\/2025\/10\/Cukierek-1-300x200.jpg 300w, https:\/\/becker-sport.pl\/wp-content\/uploads\/2025\/10\/Cukierek-1-768x512.jpg 768w, https:\/\/becker-sport.pl\/wp-content\/uploads\/2025\/10\/Cukierek-1-100x67.jpg 100w, https:\/\/becker-sport.pl\/wp-content\/uploads\/2025\/10\/Cukierek-1.jpg 1350w\" sizes=\"auto, (max-width: 1024px) 100vw, 1024px\" \/><span aria-hidden=\"true\" class=\"wp-block-cover__background has-black-background-color has-background-dim-30 has-background-dim\"><\/span><div class=\"wp-block-cover__inner-container is-layout-constrained wp-container-core-cover-is-layout-69397cae wp-block-cover-is-layout-constrained\">\n<h2 class=\"wp-block-heading has-text-align-center has-ast-global-color-4-color has-text-color has-link-color wp-elements-331352b6a4ce6a0aa94f54aa254a2683\" style=\"line-height:1.2;text-transform:none\">Szukasz \u201etego jedynego\u201d? Znajdziemy go dla Ciebie!<\/h2>\n\n\n\n<p class=\"has-text-align-center banner-subdescription has-ast-global-color-4-color has-text-color has-link-color has-medium-font-size wp-elements-188f9a6fc62442f955f55248566f86e4\" style=\"padding-top:15px;padding-right:10%;padding-bottom:20px;padding-left:10%\">Zr\u00f3b pierwszy krok ku wymarzonemu partnerowi w je\u017adzie.<br>Skontaktuj si\u0119 z nami i um\u00f3w prezentacj\u0119 &#8211; poka\u017cemy Ci konie, kt\u00f3re mog\u0105 sta\u0107 si\u0119 Twoim idealnym towarzyszem w sporcie, rekreacji i codziennej je\u017adzie.<\/p>\n\n\n\n<div class=\"wp-block-buttons is-content-justification-center is-layout-flex wp-container-core-buttons-is-layout-a89b3969 wp-block-buttons-is-layout-flex\">\n<div class=\"wp-block-button\"><a class=\"wp-block-button__link wp-element-button\" href=\"tel:+48600747544\">Zadzwo\u0144<\/a><\/div>\n\n\n\n<div class=\"wp-block-button\"><a class=\"wp-block-button__link wp-element-button\" href=\"sms:+48600747544\">Napisz<\/a><\/div>\n<\/div>\n<\/div><\/div>\n","protected":false},"excerpt":{"rendered":"<p>Wybierz konia, z kt\u00f3rym ka\u017cdy dzie\u0144 w siodle b\u0119dzie przyjemno\u015bci\u0105. Marzysz o koniu, z kt\u00f3rym stworzysz prawdziw\u0105 relacj\u0119 i osi\u0105gniesz [&hellip;]<\/p>\n","protected":false},"author":1,"featured_media":0,"parent":0,"menu_order":0,"comment_status":"closed","ping_status":"closed","template":"","meta":{"site-sidebar-layout":"default","site-content-layout":"","ast-site-content-layout":"default","site-content-style":"default","site-sidebar-style":"default","ast-global-header-display":"","ast-banner-title-visibility":"","ast-main-header-display":"","ast-hfb-above-header-display":"","ast-hfb-below-header-display":"","ast-hfb-mobile-header-display":"","site-post-title":"disabled","ast-breadcrumbs-content":"","ast-featured-img":"","footer-sml-layout":"","ast-disable-related-posts":"","theme-transparent-header-meta":"","adv-header-id-meta":"","stick-header-meta":"","header-above-stick-meta":"","header-main-stick-meta":"","header-below-stick-meta":"","astra-migrate-meta-layouts":"default","ast-page-background-enabled":"default","ast-page-background-meta":{"desktop":{"background-color":"var(--ast-global-color-5)","background-image":"","background-repeat":"repeat","background-position":"center center","background-size":"auto","background-attachment":"scroll","background-type":"","background-media":"","overlay-type":"","overlay-color":"","overlay-opacity":"","overlay-gradient":""},"tablet":{"background-color":"","background-image":"","background-repeat":"repeat","background-position":"center center","background-size":"auto","background-attachment":"scroll","background-type":"","background-media":"","overlay-type":"","overlay-color":"","overlay-opacity":"","overlay-gradient":""},"mobile":{"background-color":"","background-image":"","background-repeat":"repeat","background-position":"center center","background-size":"auto","background-attachment":"scroll","background-type":"","background-media":"","overlay-type":"","overlay-color":"","overlay-opacity":"","overlay-gradient":""}},"ast-content-background-meta":{"desktop":{"background-color":"var(--ast-global-color-4)","background-image":"","background-repeat":"repeat","background-position":"center center","background-size":"auto","background-attachment":"scroll","background-type":"","background-media":"","overlay-type":"","overlay-color":"","overlay-opacity":"","overlay-gradient":""},"tablet":{"background-color":"var(--ast-global-color-4)","background-image":"","background-repeat":"repeat","background-position":"center center","background-size":"auto","background-attachment":"scroll","background-type":"","background-media":"","overlay-type":"","overlay-color":"","overlay-opacity":"","overlay-gradient":""},"mobile":{"background-color":"var(--ast-global-color-4)","background-image":"","background-repeat":"repeat","background-position":"center center","background-size":"auto","background-attachment":"scroll","background-type":"","background-media":"","overlay-type":"","overlay-color":"","overlay-opacity":"","overlay-gradient":""}},"footnotes":""},"class_list":["post-4498","page","type-page","status-publish","hentry"],"_links":{"self":[{"href":"https:\/\/becker-sport.pl\/index.php\/wp-json\/wp\/v2\/pages\/4498","targetHints":{"allow":["GET"]}}],"collection":[{"href":"https:\/\/becker-sport.pl\/index.php\/wp-json\/wp\/v2\/pages"}],"about":[{"href":"https:\/\/becker-sport.pl\/index.php\/wp-json\/wp\/v2\/types\/page"}],"author":[{"embeddable":true,"href":"https:\/\/becker-sport.pl\/index.php\/wp-json\/wp\/v2\/users\/1"}],"replies":[{"embeddable":true,"href":"https:\/\/becker-sport.pl\/index.php\/wp-json\/wp\/v2\/comments?post=4498"}],"version-history":[{"count":14,"href":"https:\/\/becker-sport.pl\/index.php\/wp-json\/wp\/v2\/pages\/4498\/revisions"}],"predecessor-version":[{"id":4513,"href":"https:\/\/becker-sport.pl\/index.php\/wp-json\/wp\/v2\/pages\/4498\/revisions\/4513"}],"wp:attachment":[{"href":"https:\/\/becker-sport.pl\/index.php\/wp-json\/wp\/v2\/media?parent=4498"}],"curies":[{"name":"wp","href":"https:\/\/api.w.org\/{rel}","templated":true}]}}