{"id":155,"date":"2025-06-23T16:01:46","date_gmt":"2025-06-23T14:01:46","guid":{"rendered":"https:\/\/becker-sport.pl\/?page_id=155"},"modified":"2025-08-04T12:03:52","modified_gmt":"2025-08-04T10:03:52","slug":"galeria","status":"publish","type":"page","link":"https:\/\/becker-sport.pl\/index.php\/galeria\/","title":{"rendered":"Galeria"},"content":{"rendered":"\n<div class=\"wp-block-group is-layout-constrained wp-container-core-group-is-layout-af7a0a66 wp-block-group-is-layout-constrained\" style=\"margin-top:0;margin-bottom:0;padding-top:0;padding-right:20px;padding-bottom:50px;padding-left:20px\">\n<div class=\"wp-block-columns is-layout-flex wp-container-core-columns-is-layout-28f84493 wp-block-columns-is-layout-flex\">\n<div class=\"wp-block-column is-vertically-aligned-center is-layout-flow wp-block-column-is-layout-flow\" style=\"flex-basis:33.33%\">\n<h1 class=\"wp-block-heading has-text-align-left\">Z siod\u0142a i zza obiektywu<\/h1>\n<\/div>\n\n\n\n<div class=\"wp-block-column is-layout-flow wp-container-core-column-is-layout-22223934 wp-block-column-is-layout-flow\" style=\"flex-basis:66.66%\">\n<p class=\"has-text-align-left\" style=\"margin-top:0px\">Zapraszamy do obejrzenia naszej galerii, w kt\u00f3rej uchwycili\u015bmy wyj\u0105tkowe chwile z \u017cycia o\u015brodka Becker Sport. Znajdziesz tu zar\u00f3wno codzienne treningi, jak i emocjonuj\u0105ce momenty z zawod\u00f3w je\u017adzieckich.<\/p>\n\n\n\n<p style=\"padding-top:var(--wp--preset--spacing--10);padding-bottom:var(--wp--preset--spacing--10)\">W\u015br\u00f3d zdj\u0119\u0107 nie zabrak\u0142o uj\u0119\u0107 z&nbsp;<strong>trening\u00f3w skok\u00f3w przez przeszkody<\/strong>, kt\u00f3re doskonale oddaj\u0105 dynamik\u0119 i zaufanie mi\u0119dzy je\u017ad\u017acem a koniem. Zobaczysz te\u017c kadry z&nbsp;<strong>uje\u017cd\u017cenia<\/strong>, pe\u0142ne harmonii, precyzji i elegancji.<\/p>\n\n\n\n<p class=\"has-text-align-left\" style=\"margin-top:0px;padding-top:var(--wp--preset--spacing--10);padding-bottom:var(--wp--preset--spacing--10)\">Nasza galeria to nie tylko obraz naszych sukces\u00f3w i pasji, ale te\u017c zaproszenie do \u015bwiata je\u017adziectwa \u2013 prawdziwego, pe\u0142nego emocji i codziennej pracy z ko\u0144mi.<\/p>\n<\/div>\n<\/div>\n<\/div>\n\n\n\n<div class=\"wp-block-columns is-layout-flex wp-container-core-columns-is-layout-28f84493 wp-block-columns-is-layout-flex\">\n<div class=\"wp-block-column is-layout-flow wp-block-column-is-layout-flow\">\n<div class=\"wp-block-cover is-light\" style=\"border-radius:15px\"><img loading=\"lazy\" decoding=\"async\" width=\"1124\" height=\"1266\" class=\"wp-block-cover__image-background wp-image-693 size-full\" alt=\"\" src=\"https:\/\/becker-sport.pl\/wp-content\/uploads\/2025\/07\/image0.jpeg\" data-object-fit=\"cover\" srcset=\"https:\/\/becker-sport.pl\/wp-content\/uploads\/2025\/07\/image0.jpeg 1124w, https:\/\/becker-sport.pl\/wp-content\/uploads\/2025\/07\/image0-266x300.jpeg 266w, https:\/\/becker-sport.pl\/wp-content\/uploads\/2025\/07\/image0-909x1024.jpeg 909w, https:\/\/becker-sport.pl\/wp-content\/uploads\/2025\/07\/image0-768x865.jpeg 768w\" sizes=\"auto, (max-width: 1124px) 100vw, 1124px\" \/><span aria-hidden=\"true\" class=\"wp-block-cover__background has-black-background-color has-background-dim-30 has-background-dim\"><\/span><div class=\"wp-block-cover__inner-container is-layout-constrained wp-block-cover-is-layout-constrained\">\n<p class=\"has-text-align-center has-white-color has-text-color has-link-color has-large-font-size wp-elements-d70689c91e31e605e6108b893517ff61\" style=\"font-style:normal;font-weight:600\">Zawody skokowe<\/p>\n\n\n\n<div class=\"wp-block-buttons is-content-justification-center is-layout-flex wp-container-core-buttons-is-layout-a89b3969 wp-block-buttons-is-layout-flex\">\n<div class=\"wp-block-button\"><a class=\"wp-block-button__link wp-element-button\" href=\"https:\/\/becker-sport.pl\/index.php\/zawody-skokowe\/\" style=\"padding-top:7%;padding-bottom:7%;text-transform:none\">Przegl\u0105daj galeri\u0119<\/a><\/div>\n<\/div>\n<\/div><\/div>\n<\/div>\n\n\n\n<div class=\"wp-block-column is-layout-flow wp-block-column-is-layout-flow\">\n<div class=\"wp-block-cover\" style=\"border-radius:15px\"><img loading=\"lazy\" decoding=\"async\" width=\"1125\" height=\"690\" class=\"wp-block-cover__image-background wp-image-575 size-full\" alt=\"\" src=\"https:\/\/becker-sport.pl\/wp-content\/uploads\/2025\/07\/IMG_2456.jpg\" data-object-fit=\"cover\" srcset=\"https:\/\/becker-sport.pl\/wp-content\/uploads\/2025\/07\/IMG_2456.jpg 1125w, https:\/\/becker-sport.pl\/wp-content\/uploads\/2025\/07\/IMG_2456-300x184.jpg 300w, https:\/\/becker-sport.pl\/wp-content\/uploads\/2025\/07\/IMG_2456-1024x628.jpg 1024w, https:\/\/becker-sport.pl\/wp-content\/uploads\/2025\/07\/IMG_2456-768x471.jpg 768w\" sizes=\"auto, (max-width: 1125px) 100vw, 1125px\" \/><span aria-hidden=\"true\" class=\"wp-block-cover__background has-black-background-color has-background-dim-30 has-background-dim\"><\/span><div class=\"wp-block-cover__inner-container is-layout-constrained wp-block-cover-is-layout-constrained\">\n<p class=\"has-text-align-center has-white-color has-text-color has-link-color has-large-font-size wp-elements-b0c6a11f6c22feeff7f0e8c3c583dcb5\" style=\"font-style:normal;font-weight:600\">Zawody uje\u017cd\u017ceniowe<\/p>\n\n\n\n<div class=\"wp-block-buttons is-content-justification-center is-layout-flex wp-container-core-buttons-is-layout-a89b3969 wp-block-buttons-is-layout-flex\">\n<div class=\"wp-block-button\"><a class=\"wp-block-button__link wp-element-button\" href=\"https:\/\/becker-sport.pl\/index.php\/galeria-zawody-ujezdzeniowe\/\" style=\"padding-top:7%;padding-bottom:7%;text-transform:none\">Przegl\u0105daj galeri\u0119<\/a><\/div>\n<\/div>\n<\/div><\/div>\n<\/div>\n\n\n\n<div class=\"wp-block-column is-layout-flow wp-block-column-is-layout-flow\">\n<div class=\"wp-block-cover\" style=\"border-radius:15px\"><img loading=\"lazy\" decoding=\"async\" width=\"1125\" height=\"1378\" class=\"wp-block-cover__image-background wp-image-549 size-full\" alt=\"\" src=\"https:\/\/becker-sport.pl\/wp-content\/uploads\/2025\/07\/IMG_2435.jpg\" data-object-fit=\"cover\" srcset=\"https:\/\/becker-sport.pl\/wp-content\/uploads\/2025\/07\/IMG_2435.jpg 1125w, https:\/\/becker-sport.pl\/wp-content\/uploads\/2025\/07\/IMG_2435-245x300.jpg 245w, https:\/\/becker-sport.pl\/wp-content\/uploads\/2025\/07\/IMG_2435-836x1024.jpg 836w, https:\/\/becker-sport.pl\/wp-content\/uploads\/2025\/07\/IMG_2435-768x941.jpg 768w\" sizes=\"auto, (max-width: 1125px) 100vw, 1125px\" \/><span aria-hidden=\"true\" class=\"wp-block-cover__background has-black-background-color has-background-dim-30 has-background-dim\"><\/span><div class=\"wp-block-cover__inner-container is-layout-constrained wp-block-cover-is-layout-constrained\">\n<p class=\"has-text-align-center has-white-color has-text-color has-link-color has-large-font-size wp-elements-2570f1474abd047c44a7c73dd013c2d9\" style=\"font-style:normal;font-weight:600\">O\u015brodek<\/p>\n\n\n\n<div class=\"wp-block-buttons is-content-justification-center is-layout-flex wp-container-core-buttons-is-layout-a89b3969 wp-block-buttons-is-layout-flex\">\n<div class=\"wp-block-button\"><a class=\"wp-block-button__link wp-element-button\" href=\"https:\/\/becker-sport.pl\/index.php\/galeria-osrodek\/\" style=\"padding-top:7%;padding-bottom:7%;text-transform:none\">Przegl\u0105daj galeri\u0119<\/a><\/div>\n<\/div>\n<\/div><\/div>\n<\/div>\n<\/div>\n","protected":false},"excerpt":{"rendered":"<p>Z siod\u0142a i zza obiektywu Zapraszamy do obejrzenia naszej galerii, w kt\u00f3rej uchwycili\u015bmy wyj\u0105tkowe chwile z \u017cycia o\u015brodka Becker Sport. [&hellip;]<\/p>\n","protected":false},"author":1,"featured_media":0,"parent":0,"menu_order":0,"comment_status":"closed","ping_status":"closed","template":"","meta":{"site-sidebar-layout":"default","site-content-layout":"","ast-site-content-layout":"default","site-content-style":"default","site-sidebar-style":"default","ast-global-header-display":"","ast-banner-title-visibility":"","ast-main-header-display":"","ast-hfb-above-header-display":"","ast-hfb-below-header-display":"","ast-hfb-mobile-header-display":"","site-post-title":"","ast-breadcrumbs-content":"","ast-featured-img":"","footer-sml-layout":"","ast-disable-related-posts":"","theme-transparent-header-meta":"","adv-header-id-meta":"","stick-header-meta":"","header-above-stick-meta":"","header-main-stick-meta":"","header-below-stick-meta":"","astra-migrate-meta-layouts":"default","ast-page-background-enabled":"default","ast-page-background-meta":{"desktop":{"background-color":"var(--ast-global-color-5)","background-image":"","background-repeat":"repeat","background-position":"center center","background-size":"auto","background-attachment":"scroll","background-type":"","background-media":"","overlay-type":"","overlay-color":"","overlay-opacity":"","overlay-gradient":""},"tablet":{"background-color":"","background-image":"","background-repeat":"repeat","background-position":"center center","background-size":"auto","background-attachment":"scroll","background-type":"","background-media":"","overlay-type":"","overlay-color":"","overlay-opacity":"","overlay-gradient":""},"mobile":{"background-color":"","background-image":"","background-repeat":"repeat","background-position":"center center","background-size":"auto","background-attachment":"scroll","background-type":"","background-media":"","overlay-type":"","overlay-color":"","overlay-opacity":"","overlay-gradient":""}},"ast-content-background-meta":{"desktop":{"background-color":"var(--ast-global-color-4)","background-image":"","background-repeat":"repeat","background-position":"center center","background-size":"auto","background-attachment":"scroll","background-type":"","background-media":"","overlay-type":"","overlay-color":"","overlay-opacity":"","overlay-gradient":""},"tablet":{"background-color":"var(--ast-global-color-4)","background-image":"","background-repeat":"repeat","background-position":"center center","background-size":"auto","background-attachment":"scroll","background-type":"","background-media":"","overlay-type":"","overlay-color":"","overlay-opacity":"","overlay-gradient":""},"mobile":{"background-color":"var(--ast-global-color-4)","background-image":"","background-repeat":"repeat","background-position":"center center","background-size":"auto","background-attachment":"scroll","background-type":"","background-media":"","overlay-type":"","overlay-color":"","overlay-opacity":"","overlay-gradient":""}},"footnotes":""},"class_list":["post-155","page","type-page","status-publish","hentry"],"_links":{"self":[{"href":"https:\/\/becker-sport.pl\/index.php\/wp-json\/wp\/v2\/pages\/155","targetHints":{"allow":["GET"]}}],"collection":[{"href":"https:\/\/becker-sport.pl\/index.php\/wp-json\/wp\/v2\/pages"}],"about":[{"href":"https:\/\/becker-sport.pl\/index.php\/wp-json\/wp\/v2\/types\/page"}],"author":[{"embeddable":true,"href":"https:\/\/becker-sport.pl\/index.php\/wp-json\/wp\/v2\/users\/1"}],"replies":[{"embeddable":true,"href":"https:\/\/becker-sport.pl\/index.php\/wp-json\/wp\/v2\/comments?post=155"}],"version-history":[{"count":46,"href":"https:\/\/becker-sport.pl\/index.php\/wp-json\/wp\/v2\/pages\/155\/revisions"}],"predecessor-version":[{"id":1849,"href":"https:\/\/becker-sport.pl\/index.php\/wp-json\/wp\/v2\/pages\/155\/revisions\/1849"}],"wp:attachment":[{"href":"https:\/\/becker-sport.pl\/index.php\/wp-json\/wp\/v2\/media?parent=155"}],"curies":[{"name":"wp","href":"https:\/\/api.w.org\/{rel}","templated":true}]}}